{"id":974,"date":"2024-01-25T13:54:25","date_gmt":"2024-01-25T13:54:25","guid":{"rendered":"https:\/\/livegood.network\/shop\/?post_type=product&#038;p=974"},"modified":"2024-02-02T18:08:26","modified_gmt":"2024-02-02T18:08:26","slug":"d3-k2-2000-vitamin-es-es","status":"publish","type":"product","link":"https:\/\/livegood.network\/shop\/es-es\/product\/d3-k2-2000-vitamin-es-es\/","title":{"rendered":"D3-K2 2000 Vitamina"},"content":{"rendered":"<p><strong>Vitamina D3 y K2<\/strong><\/p>\n<p>\u00bfSab\u00edas que la vitamina D juega un papel crucial en el apoyo a un sistema inmunol\u00f3gico saludable?<\/p>\n<p>\u00bfSab\u00eda usted que m\u00e1s personas sufren de una deficiencia de vitamina D que cualquier otra vitamina a nivel mundial?<\/p>\n<p>A pesar de que nuestros cuerpos producen vitamina D en respuesta a la luz solar, la mayor\u00eda de las personas carecen de una exposici\u00f3n suficiente a la luz solar a diario para mantener niveles \u00f3ptimos de vitamina D.\u00a0Dada la escasez de vitamina D en los alimentos, es bastante com\u00fan que muchos de nosotros experimentemos una deficiencia.<\/p>\n<p>La escasez diaria de vitamina D debilita nuestro sistema inmunol\u00f3gico, compromete la densidad \u00f3sea y hace que nuestro cuerpo sea m\u00e1s susceptible a enfermedades y dolencias.<\/p>\n<p>La vitamina D3 y K2 de LiveGood, con 2000 unidades de D3, proporciona a su cuerpo la vitamina D de la m\u00e1s alta calidad disponible, asegurando niveles \u00f3ptimos para obtener los m\u00e1ximos beneficios con cada dosis.<\/p>\n<p>Elaborada cient\u00edficamente con vitamina K2, esta formulaci\u00f3n no solo respalda la funci\u00f3n de la vitamina D, sino que tambi\u00e9n facilita que el calcio llegue a los huesos para mantener una densidad \u00f3sea saludable y promover la salud general del coraz\u00f3n y la sangre.<\/p>\n<p>Independientemente de la edad o el sexo, esta potente combinaci\u00f3n de vitaminas D3 y K2 de primer nivel es algo que TODOS deber\u00edan incorporar a su rutina diaria para tener una salud \u00f3ptima.<\/p>\n<p><strong>C\u00d3MO UTILIZAR:<\/strong><br \/>\nConsumir 1-2 c\u00e1psulas por v\u00eda oral al d\u00eda con las comidas.<\/p>\n<p>CONSUMO \u00d3PTIMO CON LA COMIDA DE LA MA\u00d1ANA.\u00a0Las vitaminas D y K son liposolubles y consumirlas con los alimentos mejora la absorci\u00f3n.\u00a0Se recomienda tomar vitamina D por la ma\u00f1ana, ya que la evidencia sugiere un impacto positivo en el ciclo de sue\u00f1o-vigilia y en la producci\u00f3n de melatonina.\u00a0Esto se alinea con nuestros patrones ancestrales de caza y recolecci\u00f3n durante las primeras horas del amanecer.<\/p>\n<p>RECOMENDADO PARA USO DIARIO para mantener niveles sangu\u00edneos constantes.<\/p>\n<p>Consejo profesional: consulte a su proveedor de atenci\u00f3n m\u00e9dica antes de su pr\u00f3ximo an\u00e1lisis de sangre para incluir una evaluaci\u00f3n del nivel de vitamina D.\u00a0La prueba suele ser asequible y puede estar cubierta por algunos planes de seguro.<\/p>\n","protected":false},"excerpt":{"rendered":"<p><img decoding=\"async\" class=\"emoji\" role=\"img\" draggable=\"false\" src=\"https:\/\/s.w.org\/images\/core\/emoji\/14.0.0\/svg\/1f49a.svg\" alt=\"LiveGooD Love\" \/> Apoyar una fuerte densidad \u00f3sea<br \/>\n<img decoding=\"async\" class=\"emoji\" role=\"img\" draggable=\"false\" src=\"https:\/\/s.w.org\/images\/core\/emoji\/14.0.0\/svg\/1f49a.svg\" alt=\"LiveGooD Love\" \/> Mantener la funci\u00f3n card\u00edaca saludable<br \/>\n<img decoding=\"async\" class=\"emoji\" role=\"img\" draggable=\"false\" src=\"https:\/\/s.w.org\/images\/core\/emoji\/14.0.0\/svg\/1f49a.svg\" alt=\"LiveGooD Love\" \/> Vitaminas D y K de la m\u00e1s alta calidad<\/p>\n<p>La escasez diaria de vitamina D debilita nuestro sistema inmunol\u00f3gico<\/p>\n","protected":false},"featured_media":189,"comment_status":"open","ping_status":"closed","template":"","meta":[],"product_brand":[],"product_cat":[240],"product_tag":[],"class_list":{"0":"post-974","1":"product","2":"type-product","3":"status-publish","4":"has-post-thumbnail","6":"product_cat-vitamin-es-es","8":"first","9":"instock","10":"sale","11":"shipping-taxable","12":"product-type-external"},"yoast_head":"<!-- This site is optimized with the Yoast SEO Premium plugin v20.6 (Yoast SEO v21.8.1) - https:\/\/yoast.com\/wordpress\/plugins\/seo\/ -->\n<title>D3-K2 2000 Vitamina - LiveGooD Shop<\/title>\n<meta name=\"robots\" content=\"index, follow, max-snippet:-1, max-image-preview:large, max-video-preview:-1\" \/>\n<link rel=\"canonical\" href=\"https:\/\/livegood.network\/shop\/es-es\/product\/d3-k2-2000-vitamin-es-es\/\" \/>\n<meta property=\"og:locale\" content=\"en_US\" \/>\n<meta property=\"og:type\" content=\"article\" \/>\n<meta property=\"og:title\" content=\"D3-K2 2000 Vitamina\" \/>\n<meta property=\"og:description\" content=\"Apoyar una fuerte densidad \u00f3sea  Mantener la funci\u00f3n card\u00edaca saludable  Vitaminas D y K de la m\u00e1s alta calidad  La escasez diaria de vitamina D debilita nuestro sistema inmunol\u00f3gico\" \/>\n<meta property=\"og:url\" content=\"https:\/\/livegood.network\/shop\/es-es\/product\/d3-k2-2000-vitamin-es-es\/\" \/>\n<meta property=\"article:publisher\" content=\"https:\/\/www.facebook.com\/livegoodhello\" \/>\n<meta property=\"article:modified_time\" content=\"2024-02-02T18:08:26+00:00\" \/>\n<meta property=\"og:image\" content=\"https:\/\/livegood.network\/shop\/wp-content\/uploads\/2024\/01\/d3-k2-vitamin-d-and-k-livegood.png\" \/>\n\t<meta property=\"og:image:width\" content=\"720\" \/>\n\t<meta property=\"og:image:height\" content=\"720\" \/>\n\t<meta property=\"og:image:type\" content=\"image\/png\" \/>\n<meta name=\"twitter:card\" content=\"summary_large_image\" \/>\n<meta name=\"twitter:label1\" content=\"Est. reading time\" \/>\n\t<meta name=\"twitter:data1\" content=\"2 minutes\" \/>\n<script type=\"application\/ld+json\" class=\"yoast-schema-graph\">{\"@context\":\"https:\/\/schema.org\",\"@graph\":[{\"@type\":\"WebPage\",\"@id\":\"https:\/\/livegood.network\/shop\/es-es\/product\/d3-k2-2000-vitamin-es-es\/\",\"url\":\"https:\/\/livegood.network\/shop\/es-es\/product\/d3-k2-2000-vitamin-es-es\/\",\"name\":\"D3-K2 2000 Vitamina - LiveGooD Shop\",\"isPartOf\":{\"@id\":\"https:\/\/livegood.network\/shop\/#website\"},\"datePublished\":\"2024-01-25T13:54:25+00:00\",\"dateModified\":\"2024-02-02T18:08:26+00:00\",\"breadcrumb\":{\"@id\":\"https:\/\/livegood.network\/shop\/es-es\/product\/d3-k2-2000-vitamin-es-es\/#breadcrumb\"},\"inLanguage\":\"en-US\",\"potentialAction\":[{\"@type\":\"ReadAction\",\"target\":[\"https:\/\/livegood.network\/shop\/es-es\/product\/d3-k2-2000-vitamin-es-es\/\"]}]},{\"@type\":\"BreadcrumbList\",\"@id\":\"https:\/\/livegood.network\/shop\/es-es\/product\/d3-k2-2000-vitamin-es-es\/#breadcrumb\",\"itemListElement\":[{\"@type\":\"ListItem\",\"position\":1,\"name\":\"Home\",\"item\":\"https:\/\/livegood.network\/shop\/pt-br\/\"},{\"@type\":\"ListItem\",\"position\":2,\"name\":\"Shop\",\"item\":\"https:\/\/livegood.network\/shop\/shop\/\"},{\"@type\":\"ListItem\",\"position\":3,\"name\":\"D3-K2 2000 Vitamina\"}]},{\"@type\":\"WebSite\",\"@id\":\"https:\/\/livegood.network\/shop\/#website\",\"url\":\"https:\/\/livegood.network\/shop\/\",\"name\":\"LiveGooD Shop\",\"description\":\"\",\"publisher\":{\"@id\":\"https:\/\/livegood.network\/shop\/#organization\"},\"potentialAction\":[{\"@type\":\"SearchAction\",\"target\":{\"@type\":\"EntryPoint\",\"urlTemplate\":\"https:\/\/livegood.network\/shop\/?s={search_term_string}\"},\"query-input\":\"required name=search_term_string\"}],\"inLanguage\":\"en-US\"},{\"@type\":\"Organization\",\"@id\":\"https:\/\/livegood.network\/shop\/#organization\",\"name\":\"LiveGooD\",\"url\":\"https:\/\/livegood.network\/shop\/\",\"logo\":{\"@type\":\"ImageObject\",\"inLanguage\":\"en-US\",\"@id\":\"https:\/\/livegood.network\/shop\/#\/schema\/logo\/image\/\",\"url\":\"https:\/\/livegood.network\/shop\/wp-content\/uploads\/2024\/01\/logo-livegood-shop-main.png\",\"contentUrl\":\"https:\/\/livegood.network\/shop\/wp-content\/uploads\/2024\/01\/logo-livegood-shop-main.png\",\"width\":373,\"height\":115,\"caption\":\"LiveGooD\"},\"image\":{\"@id\":\"https:\/\/livegood.network\/shop\/#\/schema\/logo\/image\/\"},\"sameAs\":[\"https:\/\/www.facebook.com\/livegoodhello\"]}]}<\/script>\n<!-- \/ Yoast SEO Premium plugin. -->","yoast_head_json":{"title":"D3-K2 2000 Vitamina - LiveGooD Shop","robots":{"index":"index","follow":"follow","max-snippet":"max-snippet:-1","max-image-preview":"max-image-preview:large","max-video-preview":"max-video-preview:-1"},"canonical":"https:\/\/livegood.network\/shop\/es-es\/product\/d3-k2-2000-vitamin-es-es\/","og_locale":"en_US","og_type":"article","og_title":"D3-K2 2000 Vitamina","og_description":"Apoyar una fuerte densidad \u00f3sea  Mantener la funci\u00f3n card\u00edaca saludable  Vitaminas D y K de la m\u00e1s alta calidad  La escasez diaria de vitamina D debilita nuestro sistema inmunol\u00f3gico","og_url":"https:\/\/livegood.network\/shop\/es-es\/product\/d3-k2-2000-vitamin-es-es\/","article_publisher":"https:\/\/www.facebook.com\/livegoodhello","article_modified_time":"2024-02-02T18:08:26+00:00","og_image":[{"width":720,"height":720,"url":"https:\/\/livegood.network\/shop\/wp-content\/uploads\/2024\/01\/d3-k2-vitamin-d-and-k-livegood.png","type":"image\/png"}],"twitter_card":"summary_large_image","twitter_misc":{"Est. reading time":"2 minutes"},"schema":{"@context":"https:\/\/schema.org","@graph":[{"@type":"WebPage","@id":"https:\/\/livegood.network\/shop\/es-es\/product\/d3-k2-2000-vitamin-es-es\/","url":"https:\/\/livegood.network\/shop\/es-es\/product\/d3-k2-2000-vitamin-es-es\/","name":"D3-K2 2000 Vitamina - LiveGooD Shop","isPartOf":{"@id":"https:\/\/livegood.network\/shop\/#website"},"datePublished":"2024-01-25T13:54:25+00:00","dateModified":"2024-02-02T18:08:26+00:00","breadcrumb":{"@id":"https:\/\/livegood.network\/shop\/es-es\/product\/d3-k2-2000-vitamin-es-es\/#breadcrumb"},"inLanguage":"en-US","potentialAction":[{"@type":"ReadAction","target":["https:\/\/livegood.network\/shop\/es-es\/product\/d3-k2-2000-vitamin-es-es\/"]}]},{"@type":"BreadcrumbList","@id":"https:\/\/livegood.network\/shop\/es-es\/product\/d3-k2-2000-vitamin-es-es\/#breadcrumb","itemListElement":[{"@type":"ListItem","position":1,"name":"Home","item":"https:\/\/livegood.network\/shop\/pt-br\/"},{"@type":"ListItem","position":2,"name":"Shop","item":"https:\/\/livegood.network\/shop\/shop\/"},{"@type":"ListItem","position":3,"name":"D3-K2 2000 Vitamina"}]},{"@type":"WebSite","@id":"https:\/\/livegood.network\/shop\/#website","url":"https:\/\/livegood.network\/shop\/","name":"LiveGooD Shop","description":"","publisher":{"@id":"https:\/\/livegood.network\/shop\/#organization"},"potentialAction":[{"@type":"SearchAction","target":{"@type":"EntryPoint","urlTemplate":"https:\/\/livegood.network\/shop\/?s={search_term_string}"},"query-input":"required name=search_term_string"}],"inLanguage":"en-US"},{"@type":"Organization","@id":"https:\/\/livegood.network\/shop\/#organization","name":"LiveGooD","url":"https:\/\/livegood.network\/shop\/","logo":{"@type":"ImageObject","inLanguage":"en-US","@id":"https:\/\/livegood.network\/shop\/#\/schema\/logo\/image\/","url":"https:\/\/livegood.network\/shop\/wp-content\/uploads\/2024\/01\/logo-livegood-shop-main.png","contentUrl":"https:\/\/livegood.network\/shop\/wp-content\/uploads\/2024\/01\/logo-livegood-shop-main.png","width":373,"height":115,"caption":"LiveGooD"},"image":{"@id":"https:\/\/livegood.network\/shop\/#\/schema\/logo\/image\/"},"sameAs":["https:\/\/www.facebook.com\/livegoodhello"]}]}},"lang":"es-es","translations":{"es-es":974,"pt-br":985,"pt-pt":975,"en-us":188,"fr-fr":973,"vi":976,"ru-ru":977,"ko":978},"pll_sync_post":[],"_links":{"self":[{"href":"https:\/\/livegood.network\/shop\/wp-json\/wp\/v2\/product\/974","targetHints":{"allow":["GET"]}}],"collection":[{"href":"https:\/\/livegood.network\/shop\/wp-json\/wp\/v2\/product"}],"about":[{"href":"https:\/\/livegood.network\/shop\/wp-json\/wp\/v2\/types\/product"}],"replies":[{"embeddable":true,"href":"https:\/\/livegood.network\/shop\/wp-json\/wp\/v2\/comments?post=974"}],"version-history":[{"count":1,"href":"https:\/\/livegood.network\/shop\/wp-json\/wp\/v2\/product\/974\/revisions"}],"predecessor-version":[{"id":1626,"href":"https:\/\/livegood.network\/shop\/wp-json\/wp\/v2\/product\/974\/revisions\/1626"}],"wp:featuredmedia":[{"embeddable":true,"href":"https:\/\/livegood.network\/shop\/wp-json\/wp\/v2\/media\/189"}],"wp:attachment":[{"href":"https:\/\/livegood.network\/shop\/wp-json\/wp\/v2\/media?parent=974"}],"wp:term":[{"taxonomy":"product_brand","embeddable":true,"href":"https:\/\/livegood.network\/shop\/wp-json\/wp\/v2\/product_brand?post=974"},{"taxonomy":"product_cat","embeddable":true,"href":"https:\/\/livegood.network\/shop\/wp-json\/wp\/v2\/product_cat?post=974"},{"taxonomy":"product_tag","embeddable":true,"href":"https:\/\/livegood.network\/shop\/wp-json\/wp\/v2\/product_tag?post=974"}],"curies":[{"name":"wp","href":"https:\/\/api.w.org\/{rel}","templated":true}]}}