{"id":976,"date":"2024-01-25T13:58:26","date_gmt":"2024-01-25T13:58:26","guid":{"rendered":"https:\/\/livegood.network\/shop\/?post_type=product&#038;p=976"},"modified":"2024-02-02T18:09:22","modified_gmt":"2024-02-02T18:09:22","slug":"d3-k2-2000-vitamin-vi","status":"publish","type":"product","link":"https:\/\/livegood.network\/shop\/vi\/product\/d3-k2-2000-vitamin-vi\/","title":{"rendered":"D3-K2 2000 Vitamin"},"content":{"rendered":"<p><strong><span>Vitamin D3 v\u00e0 K2<\/span><\/strong><\/p>\n<p><span>B\u1ea1n c\u00f3 nh\u1eadn ra r\u1eb1ng Vitamin D \u0111\u00f3ng vai tr\u00f2 quan tr\u1ecdng trong vi\u1ec7c h\u1ed7 tr\u1ee3 h\u1ec7 th\u1ed1ng mi\u1ec5n d\u1ecbch kh\u1ecfe m\u1ea1nh?<\/span><\/p>\n<p><span>B\u1ea1n c\u00f3 bi\u1ebft r\u1eb1ng nhi\u1ec1u ng\u01b0\u1eddi b\u1ecb thi\u1ebfu h\u1ee5t Vitamin D h\u01a1n b\u1ea5t k\u1ef3 lo\u1ea1i vitamin n\u00e0o kh\u00e1c tr\u00ean to\u00e0n c\u1ea7u kh\u00f4ng?<\/span><\/p>\n<p><span>M\u1eb7c d\u00f9 c\u01a1 th\u1ec3 ch\u00fang ta s\u1ea3n xu\u1ea5t Vitamin D \u0111\u1ec3 \u0111\u00e1p \u1ee9ng v\u1edbi \u00e1nh s\u00e1ng m\u1eb7t tr\u1eddi, nh\u01b0ng h\u1ea7u h\u1ebft m\u1ecdi ng\u01b0\u1eddi \u0111\u1ec1u kh\u00f4ng ti\u1ebfp x\u00fac \u0111\u1ee7 v\u1edbi \u00e1nh s\u00e1ng m\u1eb7t tr\u1eddi h\u00e0ng ng\u00e0y \u0111\u1ec3 duy tr\u00ec m\u1ee9c Vitamin D t\u1ed1i \u01b0u.\u00a0Do s\u1ef1 khan hi\u1ebfm Vitamin D trong th\u1ef1c ph\u1ea9m, vi\u1ec7c nhi\u1ec1u ng\u01b0\u1eddi trong ch\u00fang ta g\u1eb7p ph\u1ea3i t\u00ecnh tr\u1ea1ng thi\u1ebfu h\u1ee5t l\u00e0 \u0111i\u1ec1u kh\u00e1 ph\u1ed5 bi\u1ebfn.<\/span><\/p>\n<p><span>S\u1ef1 thi\u1ebfu h\u1ee5t Vitamin D h\u00e0ng ng\u00e0y s\u1ebd l\u00e0m suy y\u1ebfu h\u1ec7 th\u1ed1ng mi\u1ec5n d\u1ecbch c\u1ee7a ch\u00fang ta, l\u00e0m gi\u1ea3m m\u1eadt \u0111\u1ed9 x\u01b0\u01a1ng v\u00e0 khi\u1ebfn c\u01a1 th\u1ec3 ch\u00fang ta d\u1ec5 m\u1eafc b\u1ec7nh t\u1eadt h\u01a1n.<\/span><\/p>\n<p><span>Vitamin D3 v\u00e0 K2 c\u1ee7a LiveGood, v\u1edbi 2.000 \u0111\u01a1n v\u1ecb D3, cung c\u1ea5p cho c\u01a1 th\u1ec3 b\u1ea1n l\u01b0\u1ee3ng Vitamin D ch\u1ea5t l\u01b0\u1ee3ng cao nh\u1ea5t hi\u1ec7n c\u00f3, \u0111\u1ea3m b\u1ea3o m\u1ee9c t\u1ed1i \u01b0u \u0111\u1ec3 mang l\u1ea1i l\u1ee3i \u00edch t\u1ed1i \u0111a v\u1edbi m\u1ed7i li\u1ec1u l\u01b0\u1ee3ng.<\/span><\/p>\n<p><span>\u0110\u01b0\u1ee3c ch\u1ebf t\u1ea1o m\u1ed9t c\u00e1ch khoa h\u1ecdc v\u1edbi Vitamin K2, c\u00f4ng th\u1ee9c n\u00e0y kh\u00f4ng ch\u1ec9 h\u1ed7 tr\u1ee3 ch\u1ee9c n\u0103ng c\u1ee7a Vitamin D m\u00e0 c\u00f2n t\u1ea1o \u0111i\u1ec1u ki\u1ec7n cho canxi \u0111\u1ebfn x\u01b0\u01a1ng \u0111\u1ec3 duy tr\u00ec m\u1eadt \u0111\u1ed9 x\u01b0\u01a1ng kh\u1ecfe m\u1ea1nh v\u00e0 t\u0103ng c\u01b0\u1eddng s\u1ee9c kh\u1ecfe t\u1ed5ng th\u1ec3 c\u1ee7a tim v\u00e0 m\u00e1u.<\/span><\/p>\n<p><span>B\u1ea5t k\u1ec3 tu\u1ed5i t\u00e1c hay gi\u1edbi t\u00ednh, s\u1ef1 k\u1ebft h\u1ee3p m\u1ea1nh m\u1ebd gi\u1eefa Vitamin D3 v\u00e0 K2 h\u00e0ng \u0111\u1ea7u n\u00e0y l\u00e0 th\u1ee9 M\u1eccI NG\u01af\u1edcI n\u00ean k\u1ebft h\u1ee3p v\u00e0o th\u00f3i quen h\u00e0ng ng\u00e0y \u0111\u1ec3 c\u00f3 s\u1ee9c kh\u1ecfe t\u1ed1i \u01b0u.<\/span><\/p>\n<p><strong><span>H\u01af\u1edaNG D\u1eaaN S\u1eec D\u1ee4NG:<\/span><\/strong><br \/>\n<span>U\u1ed1ng 1-2 vi\u00ean m\u1ed7i ng\u00e0y c\u00f9ng v\u1edbi b\u1eefa \u0103n.<\/span><\/p>\n<p><span>TI\u00caU TH\u1ee4 T\u1ed0I \u01afU V\u1edaI TH\u1ef0C PH\u1ea8M V\u00c0O BU\u1ed4I S\u00c1NG.\u00a0Vitamin D v\u00e0 K \u0111\u1ec1u h\u00f2a tan trong ch\u1ea5t b\u00e9o v\u00e0 ti\u00eau th\u1ee5 ch\u00fang c\u00f9ng v\u1edbi th\u1ee9c \u0103n s\u1ebd gi\u00fap t\u0103ng c\u01b0\u1eddng h\u1ea5p thu.\u00a0N\u00ean u\u1ed1ng Vitamin D v\u00e0o bu\u1ed5i s\u00e1ng v\u00ec b\u1eb1ng ch\u1ee9ng cho th\u1ea5y t\u00e1c \u0111\u1ed9ng t\u00edch c\u1ef1c \u0111\u1ebfn chu k\u1ef3 \u0111\u00e1nh th\u1ee9c gi\u1ea5c ng\u1ee7 v\u00e0 s\u1ea3n xu\u1ea5t melatonin.\u00a0\u0110i\u1ec1u n\u00e0y ph\u00f9 h\u1ee3p v\u1edbi m\u00f4 h\u00ecnh s\u0103n b\u1eaft v\u00e0 h\u00e1i l\u01b0\u1ee3m c\u1ee7a t\u1ed5 ti\u00ean ch\u00fang ta trong nh\u1eefng gi\u1edd \u0111\u1ea7u b\u00ecnh minh.<\/span><\/p>\n<p><span>KHUY\u1ebeN C\u00c1O S\u1eec D\u1ee4NG H\u00c0NG NG\u00c0Y \u0111\u1ec3 duy tr\u00ec n\u1ed3ng \u0111\u1ed9 trong m\u00e1u \u1ed5n \u0111\u1ecbnh.<\/span><\/p>\n<p><span>M\u1eb9o chuy\u00ean nghi\u1ec7p: H\u00e3y tham kh\u1ea3o \u00fd ki\u1ebfn \u200b\u200bnh\u00e0 cung c\u1ea5p d\u1ecbch v\u1ee5 ch\u0103m s\u00f3c s\u1ee9c kh\u1ecfe c\u1ee7a b\u1ea1n tr\u01b0\u1edbc khi x\u00e9t nghi\u1ec7m m\u00e1u ti\u1ebfp theo \u0111\u1ec3 \u0111\u00e1nh gi\u00e1 m\u1ee9c \u0111\u1ed9 Vitamin D.\u00a0Vi\u1ec7c x\u00e9t nghi\u1ec7m th\u01b0\u1eddng c\u00f3 chi ph\u00ed ph\u1ea3i ch\u0103ng v\u00e0 c\u00f3 th\u1ec3 \u0111\u01b0\u1ee3c m\u1ed9t s\u1ed1 ch\u01b0\u01a1ng tr\u00ecnh b\u1ea3o hi\u1ec3m chi tr\u1ea3.<\/span><\/p>\n","protected":false},"excerpt":{"rendered":"<p><img decoding=\"async\" class=\"emoji\" role=\"img\" draggable=\"false\" src=\"https:\/\/s.w.org\/images\/core\/emoji\/14.0.0\/svg\/1f49a.svg\" alt=\"LiveGooD Love\" \/> H\u1ed7 tr\u1ee3 m\u1eadt \u0111\u1ed9 x\u01b0\u01a1ng ch\u1eafc kh\u1ecfe<br \/>\n<img decoding=\"async\" class=\"emoji\" role=\"img\" draggable=\"false\" src=\"https:\/\/s.w.org\/images\/core\/emoji\/14.0.0\/svg\/1f49a.svg\" alt=\"LiveGooD Love\" \/> Duy tr\u00ec ch\u1ee9c n\u0103ng tim kh\u1ecfe m\u1ea1nh<br \/>\n<img decoding=\"async\" class=\"emoji\" role=\"img\" draggable=\"false\" src=\"https:\/\/s.w.org\/images\/core\/emoji\/14.0.0\/svg\/1f49a.svg\" alt=\"LiveGooD Love\" \/> Vitamin D v\u00e0 K ch\u1ea5t l\u01b0\u1ee3ng cao nh\u1ea5t<\/p>\n<p>S\u1ef1 thi\u1ebfu h\u1ee5t Vitamin D h\u00e0ng ng\u00e0y l\u00e0m suy y\u1ebfu h\u1ec7 th\u1ed1ng mi\u1ec5n d\u1ecbch c\u1ee7a ch\u00fang ta<\/p>\n","protected":false},"featured_media":189,"comment_status":"open","ping_status":"closed","template":"","meta":[],"product_brand":[],"product_cat":[232],"product_tag":[],"class_list":{"0":"post-976","1":"product","2":"type-product","3":"status-publish","4":"has-post-thumbnail","6":"product_cat-vitamin-vi","8":"first","9":"instock","10":"sale","11":"shipping-taxable","12":"product-type-external"},"yoast_head":"<!-- This site is optimized with the Yoast SEO Premium plugin v20.6 (Yoast SEO v21.8.1) - https:\/\/yoast.com\/wordpress\/plugins\/seo\/ -->\n<title>D3-K2 2000 Vitamin - LiveGooD Shop<\/title>\n<meta name=\"robots\" content=\"index, follow, max-snippet:-1, max-image-preview:large, max-video-preview:-1\" \/>\n<link rel=\"canonical\" href=\"https:\/\/livegood.network\/shop\/vi\/product\/d3-k2-2000-vitamin-vi\/\" \/>\n<meta property=\"og:locale\" content=\"en_US\" \/>\n<meta property=\"og:type\" content=\"article\" \/>\n<meta property=\"og:title\" content=\"D3-K2 2000 Vitamin\" \/>\n<meta property=\"og:description\" content=\"H\u1ed7 tr\u1ee3 m\u1eadt \u0111\u1ed9 x\u01b0\u01a1ng ch\u1eafc kh\u1ecfe  Duy tr\u00ec ch\u1ee9c n\u0103ng tim kh\u1ecfe m\u1ea1nh  Vitamin D v\u00e0 K ch\u1ea5t l\u01b0\u1ee3ng cao nh\u1ea5t  S\u1ef1 thi\u1ebfu h\u1ee5t Vitamin D h\u00e0ng ng\u00e0y l\u00e0m suy y\u1ebfu h\u1ec7 th\u1ed1ng mi\u1ec5n d\u1ecbch c\u1ee7a ch\u00fang ta\" \/>\n<meta property=\"og:url\" content=\"https:\/\/livegood.network\/shop\/vi\/product\/d3-k2-2000-vitamin-vi\/\" \/>\n<meta property=\"article:publisher\" content=\"https:\/\/www.facebook.com\/livegoodhello\" \/>\n<meta property=\"article:modified_time\" content=\"2024-02-02T18:09:22+00:00\" \/>\n<meta property=\"og:image\" content=\"https:\/\/livegood.network\/shop\/wp-content\/uploads\/2024\/01\/d3-k2-vitamin-d-and-k-livegood.png\" \/>\n\t<meta property=\"og:image:width\" content=\"720\" \/>\n\t<meta property=\"og:image:height\" content=\"720\" \/>\n\t<meta property=\"og:image:type\" content=\"image\/png\" \/>\n<meta name=\"twitter:card\" content=\"summary_large_image\" \/>\n<meta name=\"twitter:label1\" content=\"Est. reading time\" \/>\n\t<meta name=\"twitter:data1\" content=\"3 minutes\" \/>\n<script type=\"application\/ld+json\" class=\"yoast-schema-graph\">{\"@context\":\"https:\/\/schema.org\",\"@graph\":[{\"@type\":\"WebPage\",\"@id\":\"https:\/\/livegood.network\/shop\/vi\/product\/d3-k2-2000-vitamin-vi\/\",\"url\":\"https:\/\/livegood.network\/shop\/vi\/product\/d3-k2-2000-vitamin-vi\/\",\"name\":\"D3-K2 2000 Vitamin - LiveGooD Shop\",\"isPartOf\":{\"@id\":\"https:\/\/livegood.network\/shop\/#website\"},\"datePublished\":\"2024-01-25T13:58:26+00:00\",\"dateModified\":\"2024-02-02T18:09:22+00:00\",\"breadcrumb\":{\"@id\":\"https:\/\/livegood.network\/shop\/vi\/product\/d3-k2-2000-vitamin-vi\/#breadcrumb\"},\"inLanguage\":\"en-US\",\"potentialAction\":[{\"@type\":\"ReadAction\",\"target\":[\"https:\/\/livegood.network\/shop\/vi\/product\/d3-k2-2000-vitamin-vi\/\"]}]},{\"@type\":\"BreadcrumbList\",\"@id\":\"https:\/\/livegood.network\/shop\/vi\/product\/d3-k2-2000-vitamin-vi\/#breadcrumb\",\"itemListElement\":[{\"@type\":\"ListItem\",\"position\":1,\"name\":\"Home\",\"item\":\"https:\/\/livegood.network\/shop\/pt-br\/\"},{\"@type\":\"ListItem\",\"position\":2,\"name\":\"Shop\",\"item\":\"https:\/\/livegood.network\/shop\/shop\/\"},{\"@type\":\"ListItem\",\"position\":3,\"name\":\"D3-K2 2000 Vitamin\"}]},{\"@type\":\"WebSite\",\"@id\":\"https:\/\/livegood.network\/shop\/#website\",\"url\":\"https:\/\/livegood.network\/shop\/\",\"name\":\"LiveGooD Shop\",\"description\":\"\",\"publisher\":{\"@id\":\"https:\/\/livegood.network\/shop\/#organization\"},\"potentialAction\":[{\"@type\":\"SearchAction\",\"target\":{\"@type\":\"EntryPoint\",\"urlTemplate\":\"https:\/\/livegood.network\/shop\/?s={search_term_string}\"},\"query-input\":\"required name=search_term_string\"}],\"inLanguage\":\"en-US\"},{\"@type\":\"Organization\",\"@id\":\"https:\/\/livegood.network\/shop\/#organization\",\"name\":\"LiveGooD\",\"url\":\"https:\/\/livegood.network\/shop\/\",\"logo\":{\"@type\":\"ImageObject\",\"inLanguage\":\"en-US\",\"@id\":\"https:\/\/livegood.network\/shop\/#\/schema\/logo\/image\/\",\"url\":\"https:\/\/livegood.network\/shop\/wp-content\/uploads\/2024\/01\/logo-livegood-shop-main.png\",\"contentUrl\":\"https:\/\/livegood.network\/shop\/wp-content\/uploads\/2024\/01\/logo-livegood-shop-main.png\",\"width\":373,\"height\":115,\"caption\":\"LiveGooD\"},\"image\":{\"@id\":\"https:\/\/livegood.network\/shop\/#\/schema\/logo\/image\/\"},\"sameAs\":[\"https:\/\/www.facebook.com\/livegoodhello\"]}]}<\/script>\n<!-- \/ Yoast SEO Premium plugin. -->","yoast_head_json":{"title":"D3-K2 2000 Vitamin - LiveGooD Shop","robots":{"index":"index","follow":"follow","max-snippet":"max-snippet:-1","max-image-preview":"max-image-preview:large","max-video-preview":"max-video-preview:-1"},"canonical":"https:\/\/livegood.network\/shop\/vi\/product\/d3-k2-2000-vitamin-vi\/","og_locale":"en_US","og_type":"article","og_title":"D3-K2 2000 Vitamin","og_description":"H\u1ed7 tr\u1ee3 m\u1eadt \u0111\u1ed9 x\u01b0\u01a1ng ch\u1eafc kh\u1ecfe  Duy tr\u00ec ch\u1ee9c n\u0103ng tim kh\u1ecfe m\u1ea1nh  Vitamin D v\u00e0 K ch\u1ea5t l\u01b0\u1ee3ng cao nh\u1ea5t  S\u1ef1 thi\u1ebfu h\u1ee5t Vitamin D h\u00e0ng ng\u00e0y l\u00e0m suy y\u1ebfu h\u1ec7 th\u1ed1ng mi\u1ec5n d\u1ecbch c\u1ee7a ch\u00fang ta","og_url":"https:\/\/livegood.network\/shop\/vi\/product\/d3-k2-2000-vitamin-vi\/","article_publisher":"https:\/\/www.facebook.com\/livegoodhello","article_modified_time":"2024-02-02T18:09:22+00:00","og_image":[{"width":720,"height":720,"url":"https:\/\/livegood.network\/shop\/wp-content\/uploads\/2024\/01\/d3-k2-vitamin-d-and-k-livegood.png","type":"image\/png"}],"twitter_card":"summary_large_image","twitter_misc":{"Est. reading time":"3 minutes"},"schema":{"@context":"https:\/\/schema.org","@graph":[{"@type":"WebPage","@id":"https:\/\/livegood.network\/shop\/vi\/product\/d3-k2-2000-vitamin-vi\/","url":"https:\/\/livegood.network\/shop\/vi\/product\/d3-k2-2000-vitamin-vi\/","name":"D3-K2 2000 Vitamin - LiveGooD Shop","isPartOf":{"@id":"https:\/\/livegood.network\/shop\/#website"},"datePublished":"2024-01-25T13:58:26+00:00","dateModified":"2024-02-02T18:09:22+00:00","breadcrumb":{"@id":"https:\/\/livegood.network\/shop\/vi\/product\/d3-k2-2000-vitamin-vi\/#breadcrumb"},"inLanguage":"en-US","potentialAction":[{"@type":"ReadAction","target":["https:\/\/livegood.network\/shop\/vi\/product\/d3-k2-2000-vitamin-vi\/"]}]},{"@type":"BreadcrumbList","@id":"https:\/\/livegood.network\/shop\/vi\/product\/d3-k2-2000-vitamin-vi\/#breadcrumb","itemListElement":[{"@type":"ListItem","position":1,"name":"Home","item":"https:\/\/livegood.network\/shop\/pt-br\/"},{"@type":"ListItem","position":2,"name":"Shop","item":"https:\/\/livegood.network\/shop\/shop\/"},{"@type":"ListItem","position":3,"name":"D3-K2 2000 Vitamin"}]},{"@type":"WebSite","@id":"https:\/\/livegood.network\/shop\/#website","url":"https:\/\/livegood.network\/shop\/","name":"LiveGooD Shop","description":"","publisher":{"@id":"https:\/\/livegood.network\/shop\/#organization"},"potentialAction":[{"@type":"SearchAction","target":{"@type":"EntryPoint","urlTemplate":"https:\/\/livegood.network\/shop\/?s={search_term_string}"},"query-input":"required name=search_term_string"}],"inLanguage":"en-US"},{"@type":"Organization","@id":"https:\/\/livegood.network\/shop\/#organization","name":"LiveGooD","url":"https:\/\/livegood.network\/shop\/","logo":{"@type":"ImageObject","inLanguage":"en-US","@id":"https:\/\/livegood.network\/shop\/#\/schema\/logo\/image\/","url":"https:\/\/livegood.network\/shop\/wp-content\/uploads\/2024\/01\/logo-livegood-shop-main.png","contentUrl":"https:\/\/livegood.network\/shop\/wp-content\/uploads\/2024\/01\/logo-livegood-shop-main.png","width":373,"height":115,"caption":"LiveGooD"},"image":{"@id":"https:\/\/livegood.network\/shop\/#\/schema\/logo\/image\/"},"sameAs":["https:\/\/www.facebook.com\/livegoodhello"]}]}},"lang":"vi","translations":{"vi":976,"pt-br":985,"pt-pt":975,"en-us":188,"fr-fr":973,"es-es":974,"ru-ru":977,"ko":978},"pll_sync_post":[],"_links":{"self":[{"href":"https:\/\/livegood.network\/shop\/wp-json\/wp\/v2\/product\/976","targetHints":{"allow":["GET"]}}],"collection":[{"href":"https:\/\/livegood.network\/shop\/wp-json\/wp\/v2\/product"}],"about":[{"href":"https:\/\/livegood.network\/shop\/wp-json\/wp\/v2\/types\/product"}],"replies":[{"embeddable":true,"href":"https:\/\/livegood.network\/shop\/wp-json\/wp\/v2\/comments?post=976"}],"version-history":[{"count":1,"href":"https:\/\/livegood.network\/shop\/wp-json\/wp\/v2\/product\/976\/revisions"}],"predecessor-version":[{"id":1630,"href":"https:\/\/livegood.network\/shop\/wp-json\/wp\/v2\/product\/976\/revisions\/1630"}],"wp:featuredmedia":[{"embeddable":true,"href":"https:\/\/livegood.network\/shop\/wp-json\/wp\/v2\/media\/189"}],"wp:attachment":[{"href":"https:\/\/livegood.network\/shop\/wp-json\/wp\/v2\/media?parent=976"}],"wp:term":[{"taxonomy":"product_brand","embeddable":true,"href":"https:\/\/livegood.network\/shop\/wp-json\/wp\/v2\/product_brand?post=976"},{"taxonomy":"product_cat","embeddable":true,"href":"https:\/\/livegood.network\/shop\/wp-json\/wp\/v2\/product_cat?post=976"},{"taxonomy":"product_tag","embeddable":true,"href":"https:\/\/livegood.network\/shop\/wp-json\/wp\/v2\/product_tag?post=976"}],"curies":[{"name":"wp","href":"https:\/\/api.w.org\/{rel}","templated":true}]}}