{"id":985,"date":"2024-01-25T13:57:00","date_gmt":"2024-01-25T13:57:00","guid":{"rendered":"https:\/\/livegood.network\/shop\/?post_type=product&#038;p=985"},"modified":"2024-02-02T18:08:55","modified_gmt":"2024-02-02T18:08:55","slug":"d3-k2-2000-vitamin-pt-br","status":"publish","type":"product","link":"https:\/\/livegood.network\/shop\/pt-br\/product\/d3-k2-2000-vitamin-pt-br\/","title":{"rendered":"D3-K2 2000 Vitamina"},"content":{"rendered":"<p><strong>Vitamina D3 e K2<\/strong><\/p>\n<p>Voc\u00ea percebeu que a vitamina D desempenha um papel crucial no apoio a um sistema imunol\u00f3gico saud\u00e1vel?<\/p>\n<p>Voc\u00ea sabia que mais pessoas sofrem de defici\u00eancia de vitamina D do que qualquer outra vitamina no mundo?<\/p>\n<p>Apesar de nossos corpos produzirem vitamina D em resposta \u00e0 luz solar, a maioria das pessoas n\u00e3o tem exposi\u00e7\u00e3o di\u00e1ria suficiente \u00e0 luz solar para manter n\u00edveis ideais de vitamina D.\u00a0Dada a escassez de vitamina D nos alimentos, \u00e9 bastante comum que muitos de n\u00f3s soframos de defici\u00eancia.<\/p>\n<p>A escassez di\u00e1ria de vitamina D enfraquece o nosso sistema imunol\u00f3gico, compromete a densidade \u00f3ssea e torna o nosso corpo mais suscet\u00edvel a doen\u00e7as e enfermidades.<\/p>\n<p>As vitaminas D3 e K2 da LiveGood, com 2.000 unidades de D3, fornecem ao seu corpo a vitamina D da mais alta qualidade dispon\u00edvel, garantindo n\u00edveis ideais para o m\u00e1ximo de benef\u00edcios em cada dose.<\/p>\n<p>Cientificamente elaborada com Vitamina K2, esta formula\u00e7\u00e3o n\u00e3o s\u00f3 apoia a fun\u00e7\u00e3o da Vitamina D, mas tamb\u00e9m facilita que o c\u00e1lcio chegue aos ossos para manter a densidade \u00f3ssea saud\u00e1vel e promover a sa\u00fade geral do cora\u00e7\u00e3o e do sangue.<\/p>\n<p>Independentemente da idade ou sexo, esta potente combina\u00e7\u00e3o de vitaminas D3 e K2 de primeira qualidade \u00e9 algo que TODOS deveriam incorporar na sua rotina di\u00e1ria para uma sa\u00fade \u00f3ptima.<\/p>\n<p><strong>COMO USAR:<\/strong><br \/>\nConsumir 1-2 c\u00e1psulas por via oral diariamente com alimentos.<\/p>\n<p>CONSUMO \u00d3TIMO COM ALIMENTOS DA MANH\u00c3.\u00a0As vitaminas D e K s\u00e3o sol\u00faveis em gordura e consumi-las com alimentos aumenta a absor\u00e7\u00e3o.\u00a0Recomenda-se tomar vitamina D pela manh\u00e3, pois as evid\u00eancias sugerem um impacto positivo no ciclo sono-vig\u00edlia e na produ\u00e7\u00e3o de melatonina.\u00a0Isso se alinha com nossos padr\u00f5es ancestrais de ca\u00e7a e coleta durante as primeiras horas da madrugada.<\/p>\n<p>RECOMENDADO PARA USO DI\u00c1RIO para manter n\u00edveis sangu\u00edneos consistentes.<\/p>\n<p>Dica profissional: consulte seu m\u00e9dico antes do pr\u00f3ximo exame de sangue para incluir uma avalia\u00e7\u00e3o do n\u00edvel de vitamina D.\u00a0O teste geralmente \u00e9 acess\u00edvel e pode ser coberto por alguns planos de seguro.<\/p>\n","protected":false},"excerpt":{"rendered":"<p><img decoding=\"async\" class=\"emoji\" role=\"img\" draggable=\"false\" src=\"https:\/\/s.w.org\/images\/core\/emoji\/14.0.0\/svg\/1f49a.svg\" alt=\"LiveGooD Love\" \/> Suporta forte densidade \u00f3ssea<br \/>\n<img decoding=\"async\" class=\"emoji\" role=\"img\" draggable=\"false\" src=\"https:\/\/s.w.org\/images\/core\/emoji\/14.0.0\/svg\/1f49a.svg\" alt=\"LiveGooD Love\" \/> Manter a fun\u00e7\u00e3o card\u00edaca saud\u00e1vel<br \/>\n<img decoding=\"async\" class=\"emoji\" role=\"img\" draggable=\"false\" src=\"https:\/\/s.w.org\/images\/core\/emoji\/14.0.0\/svg\/1f49a.svg\" alt=\"LiveGooD Love\" \/> Vitaminas D e K da mais alta qualidade<\/p>\n<p>A escassez di\u00e1ria de vitamina D enfraquece nosso sistema imunol\u00f3gico<\/p>\n","protected":false},"featured_media":189,"comment_status":"open","ping_status":"closed","template":"","meta":[],"product_brand":[],"product_cat":[236],"product_tag":[],"class_list":{"0":"post-985","1":"product","2":"type-product","3":"status-publish","4":"has-post-thumbnail","6":"product_cat-vitamin-pt-br","8":"first","9":"instock","10":"sale","11":"shipping-taxable","12":"product-type-external"},"yoast_head":"<!-- This site is optimized with the Yoast SEO Premium plugin v20.6 (Yoast SEO v21.8.1) - https:\/\/yoast.com\/wordpress\/plugins\/seo\/ -->\n<title>D3-K2 2000 Vitamina - LiveGooD Shop<\/title>\n<meta name=\"robots\" content=\"index, follow, max-snippet:-1, max-image-preview:large, max-video-preview:-1\" \/>\n<link rel=\"canonical\" href=\"https:\/\/livegood.network\/shop\/pt-br\/product\/d3-k2-2000-vitamin-pt-br\/\" \/>\n<meta property=\"og:locale\" content=\"en_US\" \/>\n<meta property=\"og:type\" content=\"article\" \/>\n<meta property=\"og:title\" content=\"D3-K2 2000 Vitamina\" \/>\n<meta property=\"og:description\" content=\"Suporta forte densidade \u00f3ssea  Manter a fun\u00e7\u00e3o card\u00edaca saud\u00e1vel  Vitaminas D e K da mais alta qualidade  A escassez di\u00e1ria de vitamina D enfraquece nosso sistema imunol\u00f3gico\" \/>\n<meta property=\"og:url\" content=\"https:\/\/livegood.network\/shop\/pt-br\/product\/d3-k2-2000-vitamin-pt-br\/\" \/>\n<meta property=\"article:publisher\" content=\"https:\/\/www.facebook.com\/livegoodhello\" \/>\n<meta property=\"article:modified_time\" content=\"2024-02-02T18:08:55+00:00\" \/>\n<meta property=\"og:image\" content=\"https:\/\/livegood.network\/shop\/wp-content\/uploads\/2024\/01\/d3-k2-vitamin-d-and-k-livegood.png\" \/>\n\t<meta property=\"og:image:width\" content=\"720\" \/>\n\t<meta property=\"og:image:height\" content=\"720\" \/>\n\t<meta property=\"og:image:type\" content=\"image\/png\" \/>\n<meta name=\"twitter:card\" content=\"summary_large_image\" \/>\n<meta name=\"twitter:label1\" content=\"Est. reading time\" \/>\n\t<meta name=\"twitter:data1\" content=\"2 minutes\" \/>\n<script type=\"application\/ld+json\" class=\"yoast-schema-graph\">{\"@context\":\"https:\/\/schema.org\",\"@graph\":[{\"@type\":\"WebPage\",\"@id\":\"https:\/\/livegood.network\/shop\/pt-br\/product\/d3-k2-2000-vitamin-pt-br\/\",\"url\":\"https:\/\/livegood.network\/shop\/pt-br\/product\/d3-k2-2000-vitamin-pt-br\/\",\"name\":\"D3-K2 2000 Vitamina - LiveGooD Shop\",\"isPartOf\":{\"@id\":\"https:\/\/livegood.network\/shop\/#website\"},\"datePublished\":\"2024-01-25T13:57:00+00:00\",\"dateModified\":\"2024-02-02T18:08:55+00:00\",\"breadcrumb\":{\"@id\":\"https:\/\/livegood.network\/shop\/pt-br\/product\/d3-k2-2000-vitamin-pt-br\/#breadcrumb\"},\"inLanguage\":\"en-US\",\"potentialAction\":[{\"@type\":\"ReadAction\",\"target\":[\"https:\/\/livegood.network\/shop\/pt-br\/product\/d3-k2-2000-vitamin-pt-br\/\"]}]},{\"@type\":\"BreadcrumbList\",\"@id\":\"https:\/\/livegood.network\/shop\/pt-br\/product\/d3-k2-2000-vitamin-pt-br\/#breadcrumb\",\"itemListElement\":[{\"@type\":\"ListItem\",\"position\":1,\"name\":\"Home\",\"item\":\"https:\/\/livegood.network\/shop\/pt-br\/\"},{\"@type\":\"ListItem\",\"position\":2,\"name\":\"Shop\",\"item\":\"https:\/\/livegood.network\/shop\/shop\/\"},{\"@type\":\"ListItem\",\"position\":3,\"name\":\"D3-K2 2000 Vitamina\"}]},{\"@type\":\"WebSite\",\"@id\":\"https:\/\/livegood.network\/shop\/#website\",\"url\":\"https:\/\/livegood.network\/shop\/\",\"name\":\"LiveGooD Shop\",\"description\":\"\",\"publisher\":{\"@id\":\"https:\/\/livegood.network\/shop\/#organization\"},\"potentialAction\":[{\"@type\":\"SearchAction\",\"target\":{\"@type\":\"EntryPoint\",\"urlTemplate\":\"https:\/\/livegood.network\/shop\/?s={search_term_string}\"},\"query-input\":\"required name=search_term_string\"}],\"inLanguage\":\"en-US\"},{\"@type\":\"Organization\",\"@id\":\"https:\/\/livegood.network\/shop\/#organization\",\"name\":\"LiveGooD\",\"url\":\"https:\/\/livegood.network\/shop\/\",\"logo\":{\"@type\":\"ImageObject\",\"inLanguage\":\"en-US\",\"@id\":\"https:\/\/livegood.network\/shop\/#\/schema\/logo\/image\/\",\"url\":\"https:\/\/livegood.network\/shop\/wp-content\/uploads\/2024\/01\/logo-livegood-shop-main.png\",\"contentUrl\":\"https:\/\/livegood.network\/shop\/wp-content\/uploads\/2024\/01\/logo-livegood-shop-main.png\",\"width\":373,\"height\":115,\"caption\":\"LiveGooD\"},\"image\":{\"@id\":\"https:\/\/livegood.network\/shop\/#\/schema\/logo\/image\/\"},\"sameAs\":[\"https:\/\/www.facebook.com\/livegoodhello\"]}]}<\/script>\n<!-- \/ Yoast SEO Premium plugin. -->","yoast_head_json":{"title":"D3-K2 2000 Vitamina - LiveGooD Shop","robots":{"index":"index","follow":"follow","max-snippet":"max-snippet:-1","max-image-preview":"max-image-preview:large","max-video-preview":"max-video-preview:-1"},"canonical":"https:\/\/livegood.network\/shop\/pt-br\/product\/d3-k2-2000-vitamin-pt-br\/","og_locale":"en_US","og_type":"article","og_title":"D3-K2 2000 Vitamina","og_description":"Suporta forte densidade \u00f3ssea  Manter a fun\u00e7\u00e3o card\u00edaca saud\u00e1vel  Vitaminas D e K da mais alta qualidade  A escassez di\u00e1ria de vitamina D enfraquece nosso sistema imunol\u00f3gico","og_url":"https:\/\/livegood.network\/shop\/pt-br\/product\/d3-k2-2000-vitamin-pt-br\/","article_publisher":"https:\/\/www.facebook.com\/livegoodhello","article_modified_time":"2024-02-02T18:08:55+00:00","og_image":[{"width":720,"height":720,"url":"https:\/\/livegood.network\/shop\/wp-content\/uploads\/2024\/01\/d3-k2-vitamin-d-and-k-livegood.png","type":"image\/png"}],"twitter_card":"summary_large_image","twitter_misc":{"Est. reading time":"2 minutes"},"schema":{"@context":"https:\/\/schema.org","@graph":[{"@type":"WebPage","@id":"https:\/\/livegood.network\/shop\/pt-br\/product\/d3-k2-2000-vitamin-pt-br\/","url":"https:\/\/livegood.network\/shop\/pt-br\/product\/d3-k2-2000-vitamin-pt-br\/","name":"D3-K2 2000 Vitamina - LiveGooD Shop","isPartOf":{"@id":"https:\/\/livegood.network\/shop\/#website"},"datePublished":"2024-01-25T13:57:00+00:00","dateModified":"2024-02-02T18:08:55+00:00","breadcrumb":{"@id":"https:\/\/livegood.network\/shop\/pt-br\/product\/d3-k2-2000-vitamin-pt-br\/#breadcrumb"},"inLanguage":"en-US","potentialAction":[{"@type":"ReadAction","target":["https:\/\/livegood.network\/shop\/pt-br\/product\/d3-k2-2000-vitamin-pt-br\/"]}]},{"@type":"BreadcrumbList","@id":"https:\/\/livegood.network\/shop\/pt-br\/product\/d3-k2-2000-vitamin-pt-br\/#breadcrumb","itemListElement":[{"@type":"ListItem","position":1,"name":"Home","item":"https:\/\/livegood.network\/shop\/pt-br\/"},{"@type":"ListItem","position":2,"name":"Shop","item":"https:\/\/livegood.network\/shop\/shop\/"},{"@type":"ListItem","position":3,"name":"D3-K2 2000 Vitamina"}]},{"@type":"WebSite","@id":"https:\/\/livegood.network\/shop\/#website","url":"https:\/\/livegood.network\/shop\/","name":"LiveGooD Shop","description":"","publisher":{"@id":"https:\/\/livegood.network\/shop\/#organization"},"potentialAction":[{"@type":"SearchAction","target":{"@type":"EntryPoint","urlTemplate":"https:\/\/livegood.network\/shop\/?s={search_term_string}"},"query-input":"required name=search_term_string"}],"inLanguage":"en-US"},{"@type":"Organization","@id":"https:\/\/livegood.network\/shop\/#organization","name":"LiveGooD","url":"https:\/\/livegood.network\/shop\/","logo":{"@type":"ImageObject","inLanguage":"en-US","@id":"https:\/\/livegood.network\/shop\/#\/schema\/logo\/image\/","url":"https:\/\/livegood.network\/shop\/wp-content\/uploads\/2024\/01\/logo-livegood-shop-main.png","contentUrl":"https:\/\/livegood.network\/shop\/wp-content\/uploads\/2024\/01\/logo-livegood-shop-main.png","width":373,"height":115,"caption":"LiveGooD"},"image":{"@id":"https:\/\/livegood.network\/shop\/#\/schema\/logo\/image\/"},"sameAs":["https:\/\/www.facebook.com\/livegoodhello"]}]}},"lang":"pt-br","translations":{"pt-br":985,"pt-pt":975,"en-us":188,"fr-fr":973,"es-es":974,"vi":976,"ru-ru":977,"ko":978},"pll_sync_post":[],"_links":{"self":[{"href":"https:\/\/livegood.network\/shop\/wp-json\/wp\/v2\/product\/985","targetHints":{"allow":["GET"]}}],"collection":[{"href":"https:\/\/livegood.network\/shop\/wp-json\/wp\/v2\/product"}],"about":[{"href":"https:\/\/livegood.network\/shop\/wp-json\/wp\/v2\/types\/product"}],"replies":[{"embeddable":true,"href":"https:\/\/livegood.network\/shop\/wp-json\/wp\/v2\/comments?post=985"}],"version-history":[{"count":1,"href":"https:\/\/livegood.network\/shop\/wp-json\/wp\/v2\/product\/985\/revisions"}],"predecessor-version":[{"id":1628,"href":"https:\/\/livegood.network\/shop\/wp-json\/wp\/v2\/product\/985\/revisions\/1628"}],"wp:featuredmedia":[{"embeddable":true,"href":"https:\/\/livegood.network\/shop\/wp-json\/wp\/v2\/media\/189"}],"wp:attachment":[{"href":"https:\/\/livegood.network\/shop\/wp-json\/wp\/v2\/media?parent=985"}],"wp:term":[{"taxonomy":"product_brand","embeddable":true,"href":"https:\/\/livegood.network\/shop\/wp-json\/wp\/v2\/product_brand?post=985"},{"taxonomy":"product_cat","embeddable":true,"href":"https:\/\/livegood.network\/shop\/wp-json\/wp\/v2\/product_cat?post=985"},{"taxonomy":"product_tag","embeddable":true,"href":"https:\/\/livegood.network\/shop\/wp-json\/wp\/v2\/product_tag?post=985"}],"curies":[{"name":"wp","href":"https:\/\/api.w.org\/{rel}","templated":true}]}}