{"id":988,"date":"2024-01-25T14:27:46","date_gmt":"2024-01-25T14:27:46","guid":{"rendered":"https:\/\/livegood.network\/shop\/?post_type=product&#038;p=988"},"modified":"2024-02-02T17:25:31","modified_gmt":"2024-02-02T17:25:31","slug":"daily-essentials-pack-es-es","status":"publish","type":"product","link":"https:\/\/livegood.network\/shop\/es-es\/product\/daily-essentials-pack-es-es\/","title":{"rendered":"Paquete de elementos esenciales diarios"},"content":{"rendered":"<p><strong>\u00bfQu\u00e9 hay en el paquete Daily Essentials?<\/strong><\/p>\n<hr \/>\n<p><a href=\"https:\/\/livegood.network\/shop\/es-es\/product\/bio-active-complete-multi-vitamin-for-men-es-es\/\"><img decoding=\"async\" class=\"alignnone wp-image-185\" src=\"https:\/\/livegood.network\/shop\/wp-content\/uploads\/2024\/01\/multi-vitamin-men-shop-livegood.png\" sizes=\"(max-width: 83px) 100vw, 83px\" srcset=\"https:\/\/livegood.network\/shop\/wp-content\/uploads\/2024\/01\/multi-vitamin-men-shop-livegood.png 720w, https:\/\/livegood.network\/shop\/wp-content\/uploads\/2024\/01\/multi-vitamin-men-shop-livegood-300x300.png 300w, https:\/\/livegood.network\/shop\/wp-content\/uploads\/2024\/01\/multi-vitamin-men-shop-livegood-150x150.png 150w, https:\/\/livegood.network\/shop\/wp-content\/uploads\/2024\/01\/multi-vitamin-men-shop-livegood-350x350.png 350w, https:\/\/livegood.network\/shop\/wp-content\/uploads\/2024\/01\/multi-vitamin-men-shop-livegood-600x600.png 600w, https:\/\/livegood.network\/shop\/wp-content\/uploads\/2024\/01\/multi-vitamin-men-shop-livegood-100x100.png 100w\" alt=\"hombres multivitam\u00ednicos compran livegood\" width=\"83\" height=\"83\" \/><\/a><\/p>\n<p><a href=\"https:\/\/livegood.network\/shop\/es-es\/product\/bio-active-complete-multi-vitamin-for-men-es-es\/\"><strong>Multivitam\u00ednico Bioactivo Completo para Hombres<\/strong><\/a><\/p>\n<p>La mayor\u00eda de los hombres no pueden obtener las vitaminas y minerales adecuados a trav\u00e9s de su dieta diaria.\u00a0Estas deficiencias de vitaminas pueden provocar una serie de problemas de salud, como sistemas inmunol\u00f3gicos comprometidos, ca\u00edda del cabello, problemas de la piel, disminuci\u00f3n de la visi\u00f3n, disminuci\u00f3n de la densidad \u00f3sea e incluso aumento de peso, adem\u00e1s de problemas de salud m\u00e1s graves.<\/p>\n<hr \/>\n<p><a href=\"https:\/\/livegood.network\/shop\/es-es\/product\/d3-k2-2000-vitamin-es-es\/\"><img decoding=\"async\" class=\"alignnone wp-image-185\" src=\"https:\/\/livegood.network\/shop\/wp-content\/uploads\/2024\/01\/d3-k2-vitamin-d-and-k-livegood.png\" alt=\"D3-K2\" width=\"83\" height=\"83\" \/><\/a><\/p>\n<p><a href=\"https:\/\/livegood.network\/shop\/es-es\/product\/d3-k2-2000-vitamin-es-es\/\"><strong>Vitamina D3 y K2<\/strong><\/a><\/p>\n<p>\u00bfSab\u00eda que la vitamina D desempe\u00f1a un papel crucial en el apoyo a un sistema inmunol\u00f3gico saludable?<br \/>\n\u00bfSab\u00edas que m\u00e1s personas sufren de deficiencia de vitamina D que cualquier otra vitamina en el mundo?<\/p>\n<hr \/>\n<p><a href=\"https:\/\/livegood.network\/shop\/es-es\/product\/ultra-magnesium-complex-es-es\/\"><img decoding=\"async\" class=\"alignnone wp-image-185\" src=\"https:\/\/livegood.network\/shop\/wp-content\/uploads\/2024\/01\/ultra-magnesium-complex-livegood.png\" alt=\"Complejo Ultra Magnesio\" width=\"83\" height=\"83\" \/><\/a><\/p>\n<p><a href=\"https:\/\/livegood.network\/shop\/es-es\/product\/ultra-magnesium-complex-es-es\/\"><strong>Complejo Ultra Magnesio<\/strong><\/a><\/p>\n<p>\u00a1El magnesio desempe\u00f1a un papel en m\u00e1s de 300 reacciones bioqu\u00edmicas en nuestro cuerpo cada d\u00eda!\u00a0A pesar de mantener una dieta sana y equilibrada, la mayor\u00eda de las personas no adquieren suficiente Magnesio.<\/p>\n","protected":false},"excerpt":{"rendered":"<p><img decoding=\"async\" class=\"emoji\" role=\"img\" draggable=\"false\" src=\"https:\/\/s.w.org\/images\/core\/emoji\/14.0.0\/svg\/1f49a.svg\" alt=\"LiveGooD Heart\" \/> Multivitam\u00ednico Completo Bio-Activo Para Hombres o Mujeres<br \/>\n<img decoding=\"async\" class=\"emoji\" role=\"img\" draggable=\"false\" src=\"https:\/\/s.w.org\/images\/core\/emoji\/14.0.0\/svg\/1f49a.svg\" alt=\"LiveGooD Heart\" \/> D3-K2<br \/>\n<img decoding=\"async\" class=\"emoji\" role=\"img\" draggable=\"false\" src=\"https:\/\/s.w.org\/images\/core\/emoji\/14.0.0\/svg\/1f49a.svg\" alt=\"LiveGooD Heart\" \/> Complejo Ultra Magnesio<\/p>\n","protected":false},"featured_media":271,"comment_status":"open","ping_status":"closed","template":"","meta":[],"product_brand":[],"product_cat":[178,209,240],"product_tag":[],"class_list":{"0":"post-988","1":"product","2":"type-product","3":"status-publish","4":"has-post-thumbnail","6":"product_cat-men-es-es","7":"product_cat-product-packages-es-es","8":"product_cat-vitamin-es-es","10":"first","11":"instock","12":"sale","13":"shipping-taxable","14":"product-type-external"},"yoast_head":"<!-- This site is optimized with the Yoast SEO Premium plugin v20.6 (Yoast SEO v21.8.1) - https:\/\/yoast.com\/wordpress\/plugins\/seo\/ -->\n<title>Paquete de elementos esenciales diarios - LiveGooD Shop<\/title>\n<meta name=\"robots\" content=\"index, follow, max-snippet:-1, max-image-preview:large, max-video-preview:-1\" \/>\n<link rel=\"canonical\" href=\"https:\/\/livegood.network\/shop\/es-es\/product\/daily-essentials-pack-es-es\/\" \/>\n<meta property=\"og:locale\" content=\"en_US\" \/>\n<meta property=\"og:type\" content=\"article\" \/>\n<meta property=\"og:title\" content=\"Paquete de elementos esenciales diarios\" \/>\n<meta property=\"og:description\" content=\"Multivitam\u00ednico Completo Bio-Activo Para Hombres o Mujeres  D3-K2  Complejo Ultra Magnesio\" \/>\n<meta property=\"og:url\" content=\"https:\/\/livegood.network\/shop\/es-es\/product\/daily-essentials-pack-es-es\/\" \/>\n<meta property=\"article:publisher\" content=\"https:\/\/www.facebook.com\/livegoodhello\" \/>\n<meta property=\"article:modified_time\" content=\"2024-02-02T17:25:31+00:00\" \/>\n<meta property=\"og:image\" content=\"https:\/\/livegood.network\/shop\/wp-content\/uploads\/2024\/01\/daily-essentials-pack-men-livegood.png\" \/>\n\t<meta property=\"og:image:width\" content=\"1000\" \/>\n\t<meta property=\"og:image:height\" content=\"1000\" \/>\n\t<meta property=\"og:image:type\" content=\"image\/png\" \/>\n<meta name=\"twitter:card\" content=\"summary_large_image\" \/>\n<meta name=\"twitter:label1\" content=\"Est. reading time\" \/>\n\t<meta name=\"twitter:data1\" content=\"2 minutes\" \/>\n<script type=\"application\/ld+json\" class=\"yoast-schema-graph\">{\"@context\":\"https:\/\/schema.org\",\"@graph\":[{\"@type\":\"WebPage\",\"@id\":\"https:\/\/livegood.network\/shop\/es-es\/product\/daily-essentials-pack-es-es\/\",\"url\":\"https:\/\/livegood.network\/shop\/es-es\/product\/daily-essentials-pack-es-es\/\",\"name\":\"Paquete de elementos esenciales diarios - LiveGooD Shop\",\"isPartOf\":{\"@id\":\"https:\/\/livegood.network\/shop\/#website\"},\"datePublished\":\"2024-01-25T14:27:46+00:00\",\"dateModified\":\"2024-02-02T17:25:31+00:00\",\"breadcrumb\":{\"@id\":\"https:\/\/livegood.network\/shop\/es-es\/product\/daily-essentials-pack-es-es\/#breadcrumb\"},\"inLanguage\":\"en-US\",\"potentialAction\":[{\"@type\":\"ReadAction\",\"target\":[\"https:\/\/livegood.network\/shop\/es-es\/product\/daily-essentials-pack-es-es\/\"]}]},{\"@type\":\"BreadcrumbList\",\"@id\":\"https:\/\/livegood.network\/shop\/es-es\/product\/daily-essentials-pack-es-es\/#breadcrumb\",\"itemListElement\":[{\"@type\":\"ListItem\",\"position\":1,\"name\":\"Home\",\"item\":\"https:\/\/livegood.network\/shop\/pt-br\/\"},{\"@type\":\"ListItem\",\"position\":2,\"name\":\"Shop\",\"item\":\"https:\/\/livegood.network\/shop\/shop\/\"},{\"@type\":\"ListItem\",\"position\":3,\"name\":\"Paquete de elementos esenciales diarios\"}]},{\"@type\":\"WebSite\",\"@id\":\"https:\/\/livegood.network\/shop\/#website\",\"url\":\"https:\/\/livegood.network\/shop\/\",\"name\":\"LiveGooD Shop\",\"description\":\"\",\"publisher\":{\"@id\":\"https:\/\/livegood.network\/shop\/#organization\"},\"potentialAction\":[{\"@type\":\"SearchAction\",\"target\":{\"@type\":\"EntryPoint\",\"urlTemplate\":\"https:\/\/livegood.network\/shop\/?s={search_term_string}\"},\"query-input\":\"required name=search_term_string\"}],\"inLanguage\":\"en-US\"},{\"@type\":\"Organization\",\"@id\":\"https:\/\/livegood.network\/shop\/#organization\",\"name\":\"LiveGooD\",\"url\":\"https:\/\/livegood.network\/shop\/\",\"logo\":{\"@type\":\"ImageObject\",\"inLanguage\":\"en-US\",\"@id\":\"https:\/\/livegood.network\/shop\/#\/schema\/logo\/image\/\",\"url\":\"https:\/\/livegood.network\/shop\/wp-content\/uploads\/2024\/01\/logo-livegood-shop-main.png\",\"contentUrl\":\"https:\/\/livegood.network\/shop\/wp-content\/uploads\/2024\/01\/logo-livegood-shop-main.png\",\"width\":373,\"height\":115,\"caption\":\"LiveGooD\"},\"image\":{\"@id\":\"https:\/\/livegood.network\/shop\/#\/schema\/logo\/image\/\"},\"sameAs\":[\"https:\/\/www.facebook.com\/livegoodhello\"]}]}<\/script>\n<!-- \/ Yoast SEO Premium plugin. -->","yoast_head_json":{"title":"Paquete de elementos esenciales diarios - LiveGooD Shop","robots":{"index":"index","follow":"follow","max-snippet":"max-snippet:-1","max-image-preview":"max-image-preview:large","max-video-preview":"max-video-preview:-1"},"canonical":"https:\/\/livegood.network\/shop\/es-es\/product\/daily-essentials-pack-es-es\/","og_locale":"en_US","og_type":"article","og_title":"Paquete de elementos esenciales diarios","og_description":"Multivitam\u00ednico Completo Bio-Activo Para Hombres o Mujeres  D3-K2  Complejo Ultra Magnesio","og_url":"https:\/\/livegood.network\/shop\/es-es\/product\/daily-essentials-pack-es-es\/","article_publisher":"https:\/\/www.facebook.com\/livegoodhello","article_modified_time":"2024-02-02T17:25:31+00:00","og_image":[{"width":1000,"height":1000,"url":"https:\/\/livegood.network\/shop\/wp-content\/uploads\/2024\/01\/daily-essentials-pack-men-livegood.png","type":"image\/png"}],"twitter_card":"summary_large_image","twitter_misc":{"Est. reading time":"2 minutes"},"schema":{"@context":"https:\/\/schema.org","@graph":[{"@type":"WebPage","@id":"https:\/\/livegood.network\/shop\/es-es\/product\/daily-essentials-pack-es-es\/","url":"https:\/\/livegood.network\/shop\/es-es\/product\/daily-essentials-pack-es-es\/","name":"Paquete de elementos esenciales diarios - LiveGooD Shop","isPartOf":{"@id":"https:\/\/livegood.network\/shop\/#website"},"datePublished":"2024-01-25T14:27:46+00:00","dateModified":"2024-02-02T17:25:31+00:00","breadcrumb":{"@id":"https:\/\/livegood.network\/shop\/es-es\/product\/daily-essentials-pack-es-es\/#breadcrumb"},"inLanguage":"en-US","potentialAction":[{"@type":"ReadAction","target":["https:\/\/livegood.network\/shop\/es-es\/product\/daily-essentials-pack-es-es\/"]}]},{"@type":"BreadcrumbList","@id":"https:\/\/livegood.network\/shop\/es-es\/product\/daily-essentials-pack-es-es\/#breadcrumb","itemListElement":[{"@type":"ListItem","position":1,"name":"Home","item":"https:\/\/livegood.network\/shop\/pt-br\/"},{"@type":"ListItem","position":2,"name":"Shop","item":"https:\/\/livegood.network\/shop\/shop\/"},{"@type":"ListItem","position":3,"name":"Paquete de elementos esenciales diarios"}]},{"@type":"WebSite","@id":"https:\/\/livegood.network\/shop\/#website","url":"https:\/\/livegood.network\/shop\/","name":"LiveGooD Shop","description":"","publisher":{"@id":"https:\/\/livegood.network\/shop\/#organization"},"potentialAction":[{"@type":"SearchAction","target":{"@type":"EntryPoint","urlTemplate":"https:\/\/livegood.network\/shop\/?s={search_term_string}"},"query-input":"required name=search_term_string"}],"inLanguage":"en-US"},{"@type":"Organization","@id":"https:\/\/livegood.network\/shop\/#organization","name":"LiveGooD","url":"https:\/\/livegood.network\/shop\/","logo":{"@type":"ImageObject","inLanguage":"en-US","@id":"https:\/\/livegood.network\/shop\/#\/schema\/logo\/image\/","url":"https:\/\/livegood.network\/shop\/wp-content\/uploads\/2024\/01\/logo-livegood-shop-main.png","contentUrl":"https:\/\/livegood.network\/shop\/wp-content\/uploads\/2024\/01\/logo-livegood-shop-main.png","width":373,"height":115,"caption":"LiveGooD"},"image":{"@id":"https:\/\/livegood.network\/shop\/#\/schema\/logo\/image\/"},"sameAs":["https:\/\/www.facebook.com\/livegoodhello"]}]}},"lang":"es-es","translations":{"es-es":988,"pt-br":1002,"pt-pt":989,"en-us":272,"fr-fr":987,"vi":990,"ru-ru":991,"ko":992},"pll_sync_post":[],"_links":{"self":[{"href":"https:\/\/livegood.network\/shop\/wp-json\/wp\/v2\/product\/988","targetHints":{"allow":["GET"]}}],"collection":[{"href":"https:\/\/livegood.network\/shop\/wp-json\/wp\/v2\/product"}],"about":[{"href":"https:\/\/livegood.network\/shop\/wp-json\/wp\/v2\/types\/product"}],"replies":[{"embeddable":true,"href":"https:\/\/livegood.network\/shop\/wp-json\/wp\/v2\/comments?post=988"}],"version-history":[{"count":1,"href":"https:\/\/livegood.network\/shop\/wp-json\/wp\/v2\/product\/988\/revisions"}],"predecessor-version":[{"id":1592,"href":"https:\/\/livegood.network\/shop\/wp-json\/wp\/v2\/product\/988\/revisions\/1592"}],"wp:featuredmedia":[{"embeddable":true,"href":"https:\/\/livegood.network\/shop\/wp-json\/wp\/v2\/media\/271"}],"wp:attachment":[{"href":"https:\/\/livegood.network\/shop\/wp-json\/wp\/v2\/media?parent=988"}],"wp:term":[{"taxonomy":"product_brand","embeddable":true,"href":"https:\/\/livegood.network\/shop\/wp-json\/wp\/v2\/product_brand?post=988"},{"taxonomy":"product_cat","embeddable":true,"href":"https:\/\/livegood.network\/shop\/wp-json\/wp\/v2\/product_cat?post=988"},{"taxonomy":"product_tag","embeddable":true,"href":"https:\/\/livegood.network\/shop\/wp-json\/wp\/v2\/product_tag?post=988"}],"curies":[{"name":"wp","href":"https:\/\/api.w.org\/{rel}","templated":true}]}}