{"id":989,"date":"2024-01-25T14:21:57","date_gmt":"2024-01-25T14:21:57","guid":{"rendered":"https:\/\/livegood.network\/shop\/?post_type=product&#038;p=989"},"modified":"2024-02-02T17:27:33","modified_gmt":"2024-02-02T17:27:33","slug":"daily-essentials-pack-pt-pt","status":"publish","type":"product","link":"https:\/\/livegood.network\/shop\/pt-pt\/product\/daily-essentials-pack-pt-pt\/","title":{"rendered":"Pacote de itens essenciais di\u00e1rios"},"content":{"rendered":"<p><strong>O que h\u00e1 no pacote Daily Essentials?<\/strong><\/p>\n<hr \/>\n<p><a href=\"https:\/\/livegood.network\/shop\/pt-pt\/product\/bio-active-complete-multi-vitamin-for-men-pt-pt\/\"><img decoding=\"async\" class=\"alignnone wp-image-185\" src=\"https:\/\/livegood.network\/shop\/wp-content\/uploads\/2024\/01\/multi-vitamin-men-shop-livegood.png\" sizes=\"(max-width: 83px) 100vw, 83px\" srcset=\"https:\/\/livegood.network\/shop\/wp-content\/uploads\/2024\/01\/multi-vitamin-men-shop-livegood.png 720w, https:\/\/livegood.network\/shop\/wp-content\/uploads\/2024\/01\/multi-vitamin-men-shop-livegood-300x300.png 300w, https:\/\/livegood.network\/shop\/wp-content\/uploads\/2024\/01\/multi-vitamin-men-shop-livegood-150x150.png 150w, https:\/\/livegood.network\/shop\/wp-content\/uploads\/2024\/01\/multi-vitamin-men-shop-livegood-350x350.png 350w, https:\/\/livegood.network\/shop\/wp-content\/uploads\/2024\/01\/multi-vitamin-men-shop-livegood-600x600.png 600w, https:\/\/livegood.network\/shop\/wp-content\/uploads\/2024\/01\/multi-vitamin-men-shop-livegood-100x100.png 100w\" alt=\"homens multivitam\u00ednicos compram livegood\" width=\"83\" height=\"83\" \/><\/a><\/p>\n<p><a href=\"https:\/\/livegood.network\/shop\/pt-pt\/product\/bio-active-complete-multi-vitamin-for-men-pt-pt\/\"><strong>Multivitam\u00ednico Bioativo Completo para Homens<\/strong><\/a><\/p>\n<p>A maioria dos homens n\u00e3o consegue obter vitaminas e minerais adequados atrav\u00e9s da dieta di\u00e1ria.\u00a0Essas defici\u00eancias vitam\u00ednicas podem levar a v\u00e1rios problemas de sa\u00fade, como comprometimento do sistema imunol\u00f3gico, perda de cabelo, problemas de pele, diminui\u00e7\u00e3o da vis\u00e3o, diminui\u00e7\u00e3o da densidade \u00f3ssea e at\u00e9 ganho de peso, al\u00e9m de problemas de sa\u00fade mais graves.<\/p>\n<hr \/>\n<p><a href=\"https:\/\/livegood.network\/shop\/pt-pt\/product\/d3-k2-2000-vitamin-pt-pt\/\"><img decoding=\"async\" class=\"alignnone wp-image-185\" src=\"https:\/\/livegood.network\/shop\/wp-content\/uploads\/2024\/01\/d3-k2-vitamin-d-and-k-livegood.png\" alt=\"D3-K2\" width=\"83\" height=\"83\" \/><\/a><\/p>\n<p><a href=\"https:\/\/livegood.network\/shop\/pt-pt\/product\/d3-k2-2000-vitamin-pt-pt\/\"><strong>Vitamina D3 e K2<\/strong><\/a><\/p>\n<p>Voc\u00ea percebeu que a vitamina D desempenha um papel crucial no apoio a um sistema imunol\u00f3gico saud\u00e1vel?<br \/>\nVoc\u00ea sabia que mais pessoas sofrem de defici\u00eancia de vitamina D do que qualquer outra vitamina no mundo?<\/p>\n<hr \/>\n<p><a href=\"https:\/\/livegood.network\/shop\/pt-pt\/product\/ultra-magnesium-complex-pt-pt\/\"><img decoding=\"async\" class=\"alignnone wp-image-185\" src=\"https:\/\/livegood.network\/shop\/wp-content\/uploads\/2024\/01\/ultra-magnesium-complex-livegood.png\" alt=\"Complexo Ultra Magn\u00e9sio\" width=\"83\" height=\"83\" \/><\/a><\/p>\n<p><a href=\"https:\/\/livegood.network\/shop\/pt-pt\/product\/ultra-magnesium-complex-pt-pt\/\"><strong>Complexo Ultra Magn\u00e9sio<\/strong><\/a><\/p>\n<p>O magn\u00e9sio desempenha um papel em mais de 300 rea\u00e7\u00f5es bioqu\u00edmicas em nosso corpo todos os dias!\u00a0Apesar de manter uma dieta saud\u00e1vel e equilibrada, a maioria dos indiv\u00edduos n\u00e3o adquire Magn\u00e9sio suficiente.<\/p>\n","protected":false},"excerpt":{"rendered":"<p><img decoding=\"async\" class=\"emoji\" role=\"img\" draggable=\"false\" src=\"https:\/\/s.w.org\/images\/core\/emoji\/14.0.0\/svg\/1f49a.svg\" alt=\"LiveGooD Heart\" \/> Multivitam\u00ednico completo bioativo para homens ou mulheres<br \/>\n<img decoding=\"async\" class=\"emoji\" role=\"img\" draggable=\"false\" src=\"https:\/\/s.w.org\/images\/core\/emoji\/14.0.0\/svg\/1f49a.svg\" alt=\"LiveGooD Heart\" \/> D3-K2<br \/>\n<img decoding=\"async\" class=\"emoji\" role=\"img\" draggable=\"false\" src=\"https:\/\/s.w.org\/images\/core\/emoji\/14.0.0\/svg\/1f49a.svg\" alt=\"LiveGooD Heart\" \/> Complexo Ultra Magn\u00e9sio<\/p>\n","protected":false},"featured_media":271,"comment_status":"open","ping_status":"closed","template":"","meta":[],"product_brand":[],"product_cat":[182,203,234],"product_tag":[],"class_list":{"0":"post-989","1":"product","2":"type-product","3":"status-publish","4":"has-post-thumbnail","6":"product_cat-men-pt-pt","7":"product_cat-product-packages-pt-pt","8":"product_cat-vitamin-pt-pt","10":"first","11":"instock","12":"sale","13":"shipping-taxable","14":"product-type-external"},"yoast_head":"<!-- This site is optimized with the Yoast SEO Premium plugin v20.6 (Yoast SEO v21.8.1) - https:\/\/yoast.com\/wordpress\/plugins\/seo\/ -->\n<title>Pacote de itens essenciais di\u00e1rios - LiveGooD Shop<\/title>\n<meta name=\"robots\" content=\"index, follow, max-snippet:-1, max-image-preview:large, max-video-preview:-1\" \/>\n<link rel=\"canonical\" href=\"https:\/\/livegood.network\/shop\/pt-pt\/product\/daily-essentials-pack-pt-pt\/\" \/>\n<meta property=\"og:locale\" content=\"en_US\" \/>\n<meta property=\"og:type\" content=\"article\" \/>\n<meta property=\"og:title\" content=\"Pacote de itens essenciais di\u00e1rios\" \/>\n<meta property=\"og:description\" content=\"Multivitam\u00ednico completo bioativo para homens ou mulheres  D3-K2  Complexo Ultra Magn\u00e9sio\" \/>\n<meta property=\"og:url\" content=\"https:\/\/livegood.network\/shop\/pt-pt\/product\/daily-essentials-pack-pt-pt\/\" \/>\n<meta property=\"article:publisher\" content=\"https:\/\/www.facebook.com\/livegoodhello\" \/>\n<meta property=\"article:modified_time\" content=\"2024-02-02T17:27:33+00:00\" \/>\n<meta property=\"og:image\" content=\"https:\/\/livegood.network\/shop\/wp-content\/uploads\/2024\/01\/daily-essentials-pack-men-livegood.png\" \/>\n\t<meta property=\"og:image:width\" content=\"1000\" \/>\n\t<meta property=\"og:image:height\" content=\"1000\" \/>\n\t<meta property=\"og:image:type\" content=\"image\/png\" \/>\n<meta name=\"twitter:card\" content=\"summary_large_image\" \/>\n<meta name=\"twitter:label1\" content=\"Est. reading time\" \/>\n\t<meta name=\"twitter:data1\" content=\"2 minutes\" \/>\n<script type=\"application\/ld+json\" class=\"yoast-schema-graph\">{\"@context\":\"https:\/\/schema.org\",\"@graph\":[{\"@type\":\"WebPage\",\"@id\":\"https:\/\/livegood.network\/shop\/pt-pt\/product\/daily-essentials-pack-pt-pt\/\",\"url\":\"https:\/\/livegood.network\/shop\/pt-pt\/product\/daily-essentials-pack-pt-pt\/\",\"name\":\"Pacote de itens essenciais di\u00e1rios - LiveGooD Shop\",\"isPartOf\":{\"@id\":\"https:\/\/livegood.network\/shop\/#website\"},\"datePublished\":\"2024-01-25T14:21:57+00:00\",\"dateModified\":\"2024-02-02T17:27:33+00:00\",\"breadcrumb\":{\"@id\":\"https:\/\/livegood.network\/shop\/pt-pt\/product\/daily-essentials-pack-pt-pt\/#breadcrumb\"},\"inLanguage\":\"en-US\",\"potentialAction\":[{\"@type\":\"ReadAction\",\"target\":[\"https:\/\/livegood.network\/shop\/pt-pt\/product\/daily-essentials-pack-pt-pt\/\"]}]},{\"@type\":\"BreadcrumbList\",\"@id\":\"https:\/\/livegood.network\/shop\/pt-pt\/product\/daily-essentials-pack-pt-pt\/#breadcrumb\",\"itemListElement\":[{\"@type\":\"ListItem\",\"position\":1,\"name\":\"Home\",\"item\":\"https:\/\/livegood.network\/shop\/pt-br\/\"},{\"@type\":\"ListItem\",\"position\":2,\"name\":\"Shop\",\"item\":\"https:\/\/livegood.network\/shop\/shop\/\"},{\"@type\":\"ListItem\",\"position\":3,\"name\":\"Pacote de itens essenciais di\u00e1rios\"}]},{\"@type\":\"WebSite\",\"@id\":\"https:\/\/livegood.network\/shop\/#website\",\"url\":\"https:\/\/livegood.network\/shop\/\",\"name\":\"LiveGooD Shop\",\"description\":\"\",\"publisher\":{\"@id\":\"https:\/\/livegood.network\/shop\/#organization\"},\"potentialAction\":[{\"@type\":\"SearchAction\",\"target\":{\"@type\":\"EntryPoint\",\"urlTemplate\":\"https:\/\/livegood.network\/shop\/?s={search_term_string}\"},\"query-input\":\"required name=search_term_string\"}],\"inLanguage\":\"en-US\"},{\"@type\":\"Organization\",\"@id\":\"https:\/\/livegood.network\/shop\/#organization\",\"name\":\"LiveGooD\",\"url\":\"https:\/\/livegood.network\/shop\/\",\"logo\":{\"@type\":\"ImageObject\",\"inLanguage\":\"en-US\",\"@id\":\"https:\/\/livegood.network\/shop\/#\/schema\/logo\/image\/\",\"url\":\"https:\/\/livegood.network\/shop\/wp-content\/uploads\/2024\/01\/logo-livegood-shop-main.png\",\"contentUrl\":\"https:\/\/livegood.network\/shop\/wp-content\/uploads\/2024\/01\/logo-livegood-shop-main.png\",\"width\":373,\"height\":115,\"caption\":\"LiveGooD\"},\"image\":{\"@id\":\"https:\/\/livegood.network\/shop\/#\/schema\/logo\/image\/\"},\"sameAs\":[\"https:\/\/www.facebook.com\/livegoodhello\"]}]}<\/script>\n<!-- \/ Yoast SEO Premium plugin. -->","yoast_head_json":{"title":"Pacote de itens essenciais di\u00e1rios - LiveGooD Shop","robots":{"index":"index","follow":"follow","max-snippet":"max-snippet:-1","max-image-preview":"max-image-preview:large","max-video-preview":"max-video-preview:-1"},"canonical":"https:\/\/livegood.network\/shop\/pt-pt\/product\/daily-essentials-pack-pt-pt\/","og_locale":"en_US","og_type":"article","og_title":"Pacote de itens essenciais di\u00e1rios","og_description":"Multivitam\u00ednico completo bioativo para homens ou mulheres  D3-K2  Complexo Ultra Magn\u00e9sio","og_url":"https:\/\/livegood.network\/shop\/pt-pt\/product\/daily-essentials-pack-pt-pt\/","article_publisher":"https:\/\/www.facebook.com\/livegoodhello","article_modified_time":"2024-02-02T17:27:33+00:00","og_image":[{"width":1000,"height":1000,"url":"https:\/\/livegood.network\/shop\/wp-content\/uploads\/2024\/01\/daily-essentials-pack-men-livegood.png","type":"image\/png"}],"twitter_card":"summary_large_image","twitter_misc":{"Est. reading time":"2 minutes"},"schema":{"@context":"https:\/\/schema.org","@graph":[{"@type":"WebPage","@id":"https:\/\/livegood.network\/shop\/pt-pt\/product\/daily-essentials-pack-pt-pt\/","url":"https:\/\/livegood.network\/shop\/pt-pt\/product\/daily-essentials-pack-pt-pt\/","name":"Pacote de itens essenciais di\u00e1rios - LiveGooD Shop","isPartOf":{"@id":"https:\/\/livegood.network\/shop\/#website"},"datePublished":"2024-01-25T14:21:57+00:00","dateModified":"2024-02-02T17:27:33+00:00","breadcrumb":{"@id":"https:\/\/livegood.network\/shop\/pt-pt\/product\/daily-essentials-pack-pt-pt\/#breadcrumb"},"inLanguage":"en-US","potentialAction":[{"@type":"ReadAction","target":["https:\/\/livegood.network\/shop\/pt-pt\/product\/daily-essentials-pack-pt-pt\/"]}]},{"@type":"BreadcrumbList","@id":"https:\/\/livegood.network\/shop\/pt-pt\/product\/daily-essentials-pack-pt-pt\/#breadcrumb","itemListElement":[{"@type":"ListItem","position":1,"name":"Home","item":"https:\/\/livegood.network\/shop\/pt-br\/"},{"@type":"ListItem","position":2,"name":"Shop","item":"https:\/\/livegood.network\/shop\/shop\/"},{"@type":"ListItem","position":3,"name":"Pacote de itens essenciais di\u00e1rios"}]},{"@type":"WebSite","@id":"https:\/\/livegood.network\/shop\/#website","url":"https:\/\/livegood.network\/shop\/","name":"LiveGooD Shop","description":"","publisher":{"@id":"https:\/\/livegood.network\/shop\/#organization"},"potentialAction":[{"@type":"SearchAction","target":{"@type":"EntryPoint","urlTemplate":"https:\/\/livegood.network\/shop\/?s={search_term_string}"},"query-input":"required name=search_term_string"}],"inLanguage":"en-US"},{"@type":"Organization","@id":"https:\/\/livegood.network\/shop\/#organization","name":"LiveGooD","url":"https:\/\/livegood.network\/shop\/","logo":{"@type":"ImageObject","inLanguage":"en-US","@id":"https:\/\/livegood.network\/shop\/#\/schema\/logo\/image\/","url":"https:\/\/livegood.network\/shop\/wp-content\/uploads\/2024\/01\/logo-livegood-shop-main.png","contentUrl":"https:\/\/livegood.network\/shop\/wp-content\/uploads\/2024\/01\/logo-livegood-shop-main.png","width":373,"height":115,"caption":"LiveGooD"},"image":{"@id":"https:\/\/livegood.network\/shop\/#\/schema\/logo\/image\/"},"sameAs":["https:\/\/www.facebook.com\/livegoodhello"]}]}},"lang":"pt-pt","translations":{"pt-pt":989,"pt-br":1002,"en-us":272,"fr-fr":987,"es-es":988,"vi":990,"ru-ru":991,"ko":992},"pll_sync_post":[],"_links":{"self":[{"href":"https:\/\/livegood.network\/shop\/wp-json\/wp\/v2\/product\/989","targetHints":{"allow":["GET"]}}],"collection":[{"href":"https:\/\/livegood.network\/shop\/wp-json\/wp\/v2\/product"}],"about":[{"href":"https:\/\/livegood.network\/shop\/wp-json\/wp\/v2\/types\/product"}],"replies":[{"embeddable":true,"href":"https:\/\/livegood.network\/shop\/wp-json\/wp\/v2\/comments?post=989"}],"version-history":[{"count":2,"href":"https:\/\/livegood.network\/shop\/wp-json\/wp\/v2\/product\/989\/revisions"}],"predecessor-version":[{"id":1595,"href":"https:\/\/livegood.network\/shop\/wp-json\/wp\/v2\/product\/989\/revisions\/1595"}],"wp:featuredmedia":[{"embeddable":true,"href":"https:\/\/livegood.network\/shop\/wp-json\/wp\/v2\/media\/271"}],"wp:attachment":[{"href":"https:\/\/livegood.network\/shop\/wp-json\/wp\/v2\/media?parent=989"}],"wp:term":[{"taxonomy":"product_brand","embeddable":true,"href":"https:\/\/livegood.network\/shop\/wp-json\/wp\/v2\/product_brand?post=989"},{"taxonomy":"product_cat","embeddable":true,"href":"https:\/\/livegood.network\/shop\/wp-json\/wp\/v2\/product_cat?post=989"},{"taxonomy":"product_tag","embeddable":true,"href":"https:\/\/livegood.network\/shop\/wp-json\/wp\/v2\/product_tag?post=989"}],"curies":[{"name":"wp","href":"https:\/\/api.w.org\/{rel}","templated":true}]}}