{"id":990,"date":"2024-01-25T14:19:02","date_gmt":"2024-01-25T14:19:02","guid":{"rendered":"https:\/\/livegood.network\/shop\/?post_type=product&#038;p=990"},"modified":"2024-02-02T17:30:58","modified_gmt":"2024-02-02T17:30:58","slug":"daily-essentials-pack-vi","status":"publish","type":"product","link":"https:\/\/livegood.network\/shop\/vi\/product\/daily-essentials-pack-vi\/","title":{"rendered":"G\u00f3i thi\u1ebft y\u1ebfu h\u00e0ng ng\u00e0y"},"content":{"rendered":"<p><strong>B\u00ean trong G\u00f3i Nhu y\u1ebfu ph\u1ea9m H\u00e0ng ng\u00e0y c\u00f3 g\u00ec?<\/strong><\/p>\n<hr \/>\n<p><a href=\"https:\/\/livegood.network\/shop\/vi\/product\/bio-active-complete-multi-vitamin-for-men-vi\/\"><img decoding=\"async\" class=\"alignnone wp-image-185\" src=\"https:\/\/livegood.network\/shop\/wp-content\/uploads\/2024\/01\/multi-vitamin-men-shop-livegood.png\" sizes=\"(max-width: 83px) 100vw, 83px\" srcset=\"https:\/\/livegood.network\/shop\/wp-content\/uploads\/2024\/01\/multi-vitamin-men-shop-livegood.png 720w, https:\/\/livegood.network\/shop\/wp-content\/uploads\/2024\/01\/multi-vitamin-men-shop-livegood-300x300.png 300w, https:\/\/livegood.network\/shop\/wp-content\/uploads\/2024\/01\/multi-vitamin-men-shop-livegood-150x150.png 150w, https:\/\/livegood.network\/shop\/wp-content\/uploads\/2024\/01\/multi-vitamin-men-shop-livegood-350x350.png 350w, https:\/\/livegood.network\/shop\/wp-content\/uploads\/2024\/01\/multi-vitamin-men-shop-livegood-600x600.png 600w, https:\/\/livegood.network\/shop\/wp-content\/uploads\/2024\/01\/multi-vitamin-men-shop-livegood-100x100.png 100w\" alt=\"c\u1eeda h\u00e0ng vitamin nam livegood\" width=\"83\" height=\"83\" \/><\/a><\/p>\n<p><a href=\"https:\/\/livegood.network\/shop\/vi\/product\/bio-active-complete-multi-vitamin-for-men-vi\/\"><strong>Vitamin t\u1ed5ng h\u1ee3p ho\u1ea1t t\u00ednh sinh h\u1ecdc ho\u00e0n ch\u1ec9nh d\u00e0nh cho nam gi\u1edbi<\/strong><\/a><\/p>\n<p>Ph\u1ea7n l\u1edbn nam gi\u1edbi kh\u00f4ng nh\u1eadn \u0111\u1ee7 vitamin v\u00e0 kho\u00e1ng ch\u1ea5t th\u00f4ng qua ch\u1ebf \u0111\u1ed9 \u0103n u\u1ed1ng h\u00e0ng ng\u00e0y.\u00a0S\u1ef1 thi\u1ebfu h\u1ee5t vitamin nh\u01b0 v\u1eady c\u00f3 th\u1ec3 d\u1eabn \u0111\u1ebfn nhi\u1ec1u v\u1ea5n \u0111\u1ec1 s\u1ee9c kh\u1ecfe kh\u00e1c nhau, ch\u1eb3ng h\u1ea1n nh\u01b0 h\u1ec7 th\u1ed1ng mi\u1ec5n d\u1ecbch b\u1ecb t\u1ed5n h\u1ea1i, r\u1ee5ng t\u00f3c, c\u00e1c v\u1ea5n \u0111\u1ec1 v\u1ec1 da, gi\u1ea3m th\u1ecb l\u1ef1c, gi\u1ea3m m\u1eadt \u0111\u1ed9 x\u01b0\u01a1ng v\u00e0 th\u1eadm ch\u00ed t\u0103ng c\u00e2n, c\u00f9ng v\u1edbi t\u00ecnh tr\u1ea1ng s\u1ee9c kh\u1ecfe nghi\u00eam tr\u1ecdng h\u01a1n.<\/p>\n<hr \/>\n<p><a href=\"https:\/\/livegood.network\/shop\/vi\/product\/d3-k2-2000-vitamin-vi\/\"><img decoding=\"async\" class=\"alignnone wp-image-185\" src=\"https:\/\/livegood.network\/shop\/wp-content\/uploads\/2024\/01\/d3-k2-vitamin-d-and-k-livegood.png\" alt=\"D3-K2\" width=\"83\" height=\"83\" \/><\/a><\/p>\n<p><a href=\"https:\/\/livegood.network\/shop\/vi\/product\/d3-k2-2000-vitamin-vi\/\"><strong>Vitamin D3 v\u00e0 K2<\/strong><\/a><\/p>\n<p>B\u1ea1n c\u00f3 nh\u1eadn ra r\u1eb1ng Vitamin D \u0111\u00f3ng vai tr\u00f2 quan tr\u1ecdng trong vi\u1ec7c h\u1ed7 tr\u1ee3 h\u1ec7 th\u1ed1ng mi\u1ec5n d\u1ecbch kh\u1ecfe m\u1ea1nh?<br \/>\nB\u1ea1n c\u00f3 bi\u1ebft r\u1eb1ng nhi\u1ec1u ng\u01b0\u1eddi b\u1ecb thi\u1ebfu h\u1ee5t Vitamin D h\u01a1n b\u1ea5t k\u1ef3 lo\u1ea1i vitamin n\u00e0o kh\u00e1c tr\u00ean to\u00e0n c\u1ea7u kh\u00f4ng?<\/p>\n<hr \/>\n<p><a href=\"https:\/\/livegood.network\/shop\/vi\/product\/ultra-magnesium-complex-vi\/\"><img decoding=\"async\" class=\"alignnone wp-image-185\" src=\"https:\/\/livegood.network\/shop\/wp-content\/uploads\/2024\/01\/ultra-magnesium-complex-livegood.png\" alt=\"Ph\u1ee9c h\u1ee3p si\u00eau magi\u00ea\" width=\"83\" height=\"83\" \/><\/a><\/p>\n<p><a href=\"https:\/\/livegood.network\/shop\/vi\/product\/ultra-magnesium-complex-vi\/\"><strong>Ph\u1ee9c h\u1ee3p si\u00eau magi\u00ea<\/strong><\/a><\/p>\n<p>Magi\u00ea \u0111\u00f3ng vai tr\u00f2 trong h\u01a1n 300 ph\u1ea3n \u1ee9ng sinh h\u00f3a trong c\u01a1 th\u1ec3 ch\u00fang ta m\u1ed7i ng\u00e0y!\u00a0M\u1eb7c d\u00f9 duy tr\u00ec ch\u1ebf \u0111\u1ed9 \u0103n u\u1ed1ng c\u00e2n b\u1eb1ng, l\u00e0nh m\u1ea1nh nh\u01b0ng h\u1ea7u h\u1ebft m\u1ecdi ng\u01b0\u1eddi \u0111\u1ec1u kh\u00f4ng nh\u1eadn \u0111\u1ee7 Magi\u00ea.<\/p>\n","protected":false},"excerpt":{"rendered":"<p><img decoding=\"async\" class=\"emoji\" role=\"img\" draggable=\"false\" src=\"https:\/\/s.w.org\/images\/core\/emoji\/14.0.0\/svg\/1f49a.svg\" alt=\"LiveGooD Heart\" \/> Vitamin t\u1ed5ng h\u1ee3p Bio-Active d\u00e0nh cho nam v\u00e0 n\u1eef<br \/>\n<img decoding=\"async\" class=\"emoji\" role=\"img\" draggable=\"false\" src=\"https:\/\/s.w.org\/images\/core\/emoji\/14.0.0\/svg\/1f49a.svg\" alt=\"LiveGooD Heart\" \/> D3-K2<br \/>\n<img decoding=\"async\" class=\"emoji\" role=\"img\" draggable=\"false\" src=\"https:\/\/s.w.org\/images\/core\/emoji\/14.0.0\/svg\/1f49a.svg\" alt=\"LiveGooD Heart\" \/> Ph\u1ee9c h\u1ee3p si\u00eau magi\u00ea<\/p>\n","protected":false},"featured_media":271,"comment_status":"open","ping_status":"closed","template":"","meta":[],"product_brand":[],"product_cat":[186,201,232],"product_tag":[],"class_list":{"0":"post-990","1":"product","2":"type-product","3":"status-publish","4":"has-post-thumbnail","6":"product_cat-men-vi","7":"product_cat-product-packages-vi","8":"product_cat-vitamin-vi","10":"first","11":"instock","12":"sale","13":"shipping-taxable","14":"product-type-external"},"yoast_head":"<!-- This site is optimized with the Yoast SEO Premium plugin v20.6 (Yoast SEO v21.8.1) - https:\/\/yoast.com\/wordpress\/plugins\/seo\/ -->\n<title>G\u00f3i thi\u1ebft y\u1ebfu h\u00e0ng ng\u00e0y - LiveGooD Shop<\/title>\n<meta name=\"robots\" content=\"index, follow, max-snippet:-1, max-image-preview:large, max-video-preview:-1\" \/>\n<link rel=\"canonical\" href=\"https:\/\/livegood.network\/shop\/vi\/product\/daily-essentials-pack-vi\/\" \/>\n<meta property=\"og:locale\" content=\"en_US\" \/>\n<meta property=\"og:type\" content=\"article\" \/>\n<meta property=\"og:title\" content=\"G\u00f3i thi\u1ebft y\u1ebfu h\u00e0ng ng\u00e0y\" \/>\n<meta property=\"og:description\" content=\"Vitamin t\u1ed5ng h\u1ee3p Bio-Active d\u00e0nh cho nam v\u00e0 n\u1eef  D3-K2  Ph\u1ee9c h\u1ee3p si\u00eau magi\u00ea\" \/>\n<meta property=\"og:url\" content=\"https:\/\/livegood.network\/shop\/vi\/product\/daily-essentials-pack-vi\/\" \/>\n<meta property=\"article:publisher\" content=\"https:\/\/www.facebook.com\/livegoodhello\" \/>\n<meta property=\"article:modified_time\" content=\"2024-02-02T17:30:58+00:00\" \/>\n<meta property=\"og:image\" content=\"https:\/\/livegood.network\/shop\/wp-content\/uploads\/2024\/01\/daily-essentials-pack-men-livegood.png\" \/>\n\t<meta property=\"og:image:width\" content=\"1000\" \/>\n\t<meta property=\"og:image:height\" content=\"1000\" \/>\n\t<meta property=\"og:image:type\" content=\"image\/png\" \/>\n<meta name=\"twitter:card\" content=\"summary_large_image\" \/>\n<meta name=\"twitter:label1\" content=\"Est. reading time\" \/>\n\t<meta name=\"twitter:data1\" content=\"2 minutes\" \/>\n<script type=\"application\/ld+json\" class=\"yoast-schema-graph\">{\"@context\":\"https:\/\/schema.org\",\"@graph\":[{\"@type\":\"WebPage\",\"@id\":\"https:\/\/livegood.network\/shop\/vi\/product\/daily-essentials-pack-vi\/\",\"url\":\"https:\/\/livegood.network\/shop\/vi\/product\/daily-essentials-pack-vi\/\",\"name\":\"G\u00f3i thi\u1ebft y\u1ebfu h\u00e0ng ng\u00e0y - LiveGooD Shop\",\"isPartOf\":{\"@id\":\"https:\/\/livegood.network\/shop\/#website\"},\"datePublished\":\"2024-01-25T14:19:02+00:00\",\"dateModified\":\"2024-02-02T17:30:58+00:00\",\"breadcrumb\":{\"@id\":\"https:\/\/livegood.network\/shop\/vi\/product\/daily-essentials-pack-vi\/#breadcrumb\"},\"inLanguage\":\"en-US\",\"potentialAction\":[{\"@type\":\"ReadAction\",\"target\":[\"https:\/\/livegood.network\/shop\/vi\/product\/daily-essentials-pack-vi\/\"]}]},{\"@type\":\"BreadcrumbList\",\"@id\":\"https:\/\/livegood.network\/shop\/vi\/product\/daily-essentials-pack-vi\/#breadcrumb\",\"itemListElement\":[{\"@type\":\"ListItem\",\"position\":1,\"name\":\"Home\",\"item\":\"https:\/\/livegood.network\/shop\/pt-br\/\"},{\"@type\":\"ListItem\",\"position\":2,\"name\":\"Shop\",\"item\":\"https:\/\/livegood.network\/shop\/shop\/\"},{\"@type\":\"ListItem\",\"position\":3,\"name\":\"G\u00f3i thi\u1ebft y\u1ebfu h\u00e0ng ng\u00e0y\"}]},{\"@type\":\"WebSite\",\"@id\":\"https:\/\/livegood.network\/shop\/#website\",\"url\":\"https:\/\/livegood.network\/shop\/\",\"name\":\"LiveGooD Shop\",\"description\":\"\",\"publisher\":{\"@id\":\"https:\/\/livegood.network\/shop\/#organization\"},\"potentialAction\":[{\"@type\":\"SearchAction\",\"target\":{\"@type\":\"EntryPoint\",\"urlTemplate\":\"https:\/\/livegood.network\/shop\/?s={search_term_string}\"},\"query-input\":\"required name=search_term_string\"}],\"inLanguage\":\"en-US\"},{\"@type\":\"Organization\",\"@id\":\"https:\/\/livegood.network\/shop\/#organization\",\"name\":\"LiveGooD\",\"url\":\"https:\/\/livegood.network\/shop\/\",\"logo\":{\"@type\":\"ImageObject\",\"inLanguage\":\"en-US\",\"@id\":\"https:\/\/livegood.network\/shop\/#\/schema\/logo\/image\/\",\"url\":\"https:\/\/livegood.network\/shop\/wp-content\/uploads\/2024\/01\/logo-livegood-shop-main.png\",\"contentUrl\":\"https:\/\/livegood.network\/shop\/wp-content\/uploads\/2024\/01\/logo-livegood-shop-main.png\",\"width\":373,\"height\":115,\"caption\":\"LiveGooD\"},\"image\":{\"@id\":\"https:\/\/livegood.network\/shop\/#\/schema\/logo\/image\/\"},\"sameAs\":[\"https:\/\/www.facebook.com\/livegoodhello\"]}]}<\/script>\n<!-- \/ Yoast SEO Premium plugin. -->","yoast_head_json":{"title":"G\u00f3i thi\u1ebft y\u1ebfu h\u00e0ng ng\u00e0y - LiveGooD Shop","robots":{"index":"index","follow":"follow","max-snippet":"max-snippet:-1","max-image-preview":"max-image-preview:large","max-video-preview":"max-video-preview:-1"},"canonical":"https:\/\/livegood.network\/shop\/vi\/product\/daily-essentials-pack-vi\/","og_locale":"en_US","og_type":"article","og_title":"G\u00f3i thi\u1ebft y\u1ebfu h\u00e0ng ng\u00e0y","og_description":"Vitamin t\u1ed5ng h\u1ee3p Bio-Active d\u00e0nh cho nam v\u00e0 n\u1eef  D3-K2  Ph\u1ee9c h\u1ee3p si\u00eau magi\u00ea","og_url":"https:\/\/livegood.network\/shop\/vi\/product\/daily-essentials-pack-vi\/","article_publisher":"https:\/\/www.facebook.com\/livegoodhello","article_modified_time":"2024-02-02T17:30:58+00:00","og_image":[{"width":1000,"height":1000,"url":"https:\/\/livegood.network\/shop\/wp-content\/uploads\/2024\/01\/daily-essentials-pack-men-livegood.png","type":"image\/png"}],"twitter_card":"summary_large_image","twitter_misc":{"Est. reading time":"2 minutes"},"schema":{"@context":"https:\/\/schema.org","@graph":[{"@type":"WebPage","@id":"https:\/\/livegood.network\/shop\/vi\/product\/daily-essentials-pack-vi\/","url":"https:\/\/livegood.network\/shop\/vi\/product\/daily-essentials-pack-vi\/","name":"G\u00f3i thi\u1ebft y\u1ebfu h\u00e0ng ng\u00e0y - LiveGooD Shop","isPartOf":{"@id":"https:\/\/livegood.network\/shop\/#website"},"datePublished":"2024-01-25T14:19:02+00:00","dateModified":"2024-02-02T17:30:58+00:00","breadcrumb":{"@id":"https:\/\/livegood.network\/shop\/vi\/product\/daily-essentials-pack-vi\/#breadcrumb"},"inLanguage":"en-US","potentialAction":[{"@type":"ReadAction","target":["https:\/\/livegood.network\/shop\/vi\/product\/daily-essentials-pack-vi\/"]}]},{"@type":"BreadcrumbList","@id":"https:\/\/livegood.network\/shop\/vi\/product\/daily-essentials-pack-vi\/#breadcrumb","itemListElement":[{"@type":"ListItem","position":1,"name":"Home","item":"https:\/\/livegood.network\/shop\/pt-br\/"},{"@type":"ListItem","position":2,"name":"Shop","item":"https:\/\/livegood.network\/shop\/shop\/"},{"@type":"ListItem","position":3,"name":"G\u00f3i thi\u1ebft y\u1ebfu h\u00e0ng ng\u00e0y"}]},{"@type":"WebSite","@id":"https:\/\/livegood.network\/shop\/#website","url":"https:\/\/livegood.network\/shop\/","name":"LiveGooD Shop","description":"","publisher":{"@id":"https:\/\/livegood.network\/shop\/#organization"},"potentialAction":[{"@type":"SearchAction","target":{"@type":"EntryPoint","urlTemplate":"https:\/\/livegood.network\/shop\/?s={search_term_string}"},"query-input":"required name=search_term_string"}],"inLanguage":"en-US"},{"@type":"Organization","@id":"https:\/\/livegood.network\/shop\/#organization","name":"LiveGooD","url":"https:\/\/livegood.network\/shop\/","logo":{"@type":"ImageObject","inLanguage":"en-US","@id":"https:\/\/livegood.network\/shop\/#\/schema\/logo\/image\/","url":"https:\/\/livegood.network\/shop\/wp-content\/uploads\/2024\/01\/logo-livegood-shop-main.png","contentUrl":"https:\/\/livegood.network\/shop\/wp-content\/uploads\/2024\/01\/logo-livegood-shop-main.png","width":373,"height":115,"caption":"LiveGooD"},"image":{"@id":"https:\/\/livegood.network\/shop\/#\/schema\/logo\/image\/"},"sameAs":["https:\/\/www.facebook.com\/livegoodhello"]}]}},"lang":"vi","translations":{"vi":990,"pt-br":1002,"pt-pt":989,"en-us":272,"fr-fr":987,"es-es":988,"ru-ru":991,"ko":992},"pll_sync_post":[],"_links":{"self":[{"href":"https:\/\/livegood.network\/shop\/wp-json\/wp\/v2\/product\/990","targetHints":{"allow":["GET"]}}],"collection":[{"href":"https:\/\/livegood.network\/shop\/wp-json\/wp\/v2\/product"}],"about":[{"href":"https:\/\/livegood.network\/shop\/wp-json\/wp\/v2\/types\/product"}],"replies":[{"embeddable":true,"href":"https:\/\/livegood.network\/shop\/wp-json\/wp\/v2\/comments?post=990"}],"version-history":[{"count":2,"href":"https:\/\/livegood.network\/shop\/wp-json\/wp\/v2\/product\/990\/revisions"}],"predecessor-version":[{"id":1597,"href":"https:\/\/livegood.network\/shop\/wp-json\/wp\/v2\/product\/990\/revisions\/1597"}],"wp:featuredmedia":[{"embeddable":true,"href":"https:\/\/livegood.network\/shop\/wp-json\/wp\/v2\/media\/271"}],"wp:attachment":[{"href":"https:\/\/livegood.network\/shop\/wp-json\/wp\/v2\/media?parent=990"}],"wp:term":[{"taxonomy":"product_brand","embeddable":true,"href":"https:\/\/livegood.network\/shop\/wp-json\/wp\/v2\/product_brand?post=990"},{"taxonomy":"product_cat","embeddable":true,"href":"https:\/\/livegood.network\/shop\/wp-json\/wp\/v2\/product_cat?post=990"},{"taxonomy":"product_tag","embeddable":true,"href":"https:\/\/livegood.network\/shop\/wp-json\/wp\/v2\/product_tag?post=990"}],"curies":[{"name":"wp","href":"https:\/\/api.w.org\/{rel}","templated":true}]}}